{"id":2,"date":"2017-06-28T17:42:27","date_gmt":"2017-06-28T15:42:27","guid":{"rendered":"http:\/\/sninephro.fr\/?page_id=2"},"modified":"2025-08-31T20:21:14","modified_gmt":"2025-08-31T18:21:14","slug":"livret-des-villes","status":"publish","type":"page","link":"https:\/\/sninephro.fr\/index.php\/livret-des-villes\/","title":{"rendered":"Livret des villes"},"content":{"rendered":"<p>Cher(e)s futur(e)s co-internes,<\/p>\n<p>La N\u00e9phrologie est une sp\u00e9cialit\u00e9 qui vous tente? Vous avez raison!<\/p>\n<p>Vous souhaitez avoir plus de renseignements sur les sp\u00e9cificit\u00e9s n\u00e9phrologiques et autres des diff\u00e9rentes villes en France?<\/p>\n<p>Ce livret est fait pour vous!<\/p>\n<p>\u00a0<\/p>\n\n\n<div class=\"wp-block-file\"><object class=\"wp-block-file__embed\" data=\"https:\/\/sninephro.fr\/wp-content\/uploads\/2025\/08\/livret-villes-2025.pptx.pdf\" type=\"application\/pdf\" style=\"width:100%;height:600px\" aria-label=\"Contenu embarqu\u00e9 livret-villes-2025.pptx.\"><\/object><a id=\"wp-block-file--media-3785ec33-88e1-46a8-b500-f0c1d3eddf56\" href=\"https:\/\/sninephro.fr\/wp-content\/uploads\/2025\/08\/livret-villes-2025.pptx.pdf\">livret-villes-2025.pptx<\/a><a href=\"https:\/\/sninephro.fr\/wp-content\/uploads\/2025\/08\/livret-villes-2025.pptx.pdf\" class=\"wp-block-file__button wp-element-button\" download aria-describedby=\"wp-block-file--media-3785ec33-88e1-46a8-b500-f0c1d3eddf56\">T\u00e9l\u00e9charger<\/a><\/div>\n\n\n","protected":false},"excerpt":{"rendered":"<p>Cher(e)s futur(e)s co-internes, La N\u00e9phrologie est une sp\u00e9cialit\u00e9 qui vous tente? Vous avez raison! Vous souhaitez avoir plus de renseignements sur les sp\u00e9cificit\u00e9s n\u00e9phrologiques et autres des diff\u00e9rentes villes en France? Ce livret est&#46;&#46;&#46;<\/p>\n","protected":false},"author":1,"featured_media":0,"parent":0,"menu_order":0,"comment_status":"closed","ping_status":"closed","template":"","meta":[],"_links":{"self":[{"href":"https:\/\/sninephro.fr\/index.php\/wp-json\/wp\/v2\/pages\/2"}],"collection":[{"href":"https:\/\/sninephro.fr\/index.php\/wp-json\/wp\/v2\/pages"}],"about":[{"href":"https:\/\/sninephro.fr\/index.php\/wp-json\/wp\/v2\/types\/page"}],"author":[{"embeddable":true,"href":"https:\/\/sninephro.fr\/index.php\/wp-json\/wp\/v2\/users\/1"}],"replies":[{"embeddable":true,"href":"https:\/\/sninephro.fr\/index.php\/wp-json\/wp\/v2\/comments?post=2"}],"version-history":[{"count":24,"href":"https:\/\/sninephro.fr\/index.php\/wp-json\/wp\/v2\/pages\/2\/revisions"}],"predecessor-version":[{"id":782,"href":"https:\/\/sninephro.fr\/index.php\/wp-json\/wp\/v2\/pages\/2\/revisions\/782"}],"wp:attachment":[{"href":"https:\/\/sninephro.fr\/index.php\/wp-json\/wp\/v2\/media?parent=2"}],"curies":[{"name":"wp","href":"https:\/\/api.w.org\/{rel}","templated":true}]}}