{"id":203,"date":"2017-07-18T12:05:18","date_gmt":"2017-07-18T10:05:18","guid":{"rendered":"http:\/\/sninephro.fr\/?page_id=203"},"modified":"2017-07-18T12:15:42","modified_gmt":"2017-07-18T10:15:42","slug":"liens-utiles","status":"publish","type":"page","link":"https:\/\/sninephro.fr\/index.php\/liens-utiles\/","title":{"rendered":"Liens utiles"},"content":{"rendered":"<p><u><b>Internat <\/b><\/u><\/p>\n<ul>\n<li>InterSyndicat National des Internes : <a href=\"http:\/\/www.isni.fr\">www.isni.fr<\/a><\/li>\n<\/ul>\n<p style=\"text-align: center;\">Nombreuses informations sur les villes, la r\u00e9forme, le statut de l\u2019interne, les remplacements \u2026<\/p>\n<ul>\n<li>Syndicat National des Internes de N\u00e9phrologie : <a href=\"http:\/\/sninephro.fr\">http:\/\/sninephro.fr<\/a> \/ page facebook du SNIN<\/li>\n<\/ul>\n<p><u><b>N\u00e9phrologie<\/b><\/u><\/p>\n<ul>\n<li>Soci\u00e9t\u00e9 Francophone de N\u00e9phrologie Dialyse Transplantation : <a href=\"http:\/\/www.sfndt.org\">www.sfndt.org<\/a><\/li>\n<li>Soci\u00e9t\u00e9 Francophone de Transplantation : <a href=\"https:\/\/www.transplantation-francophone.org\">https:\/\/www.transplantation-<\/a><a href=\"https:\/\/www.transplantation-francophone.org\">francophone.org<\/a><\/li>\n<li>Coll\u00e8ge Universitaire des Enseignants de N\u00e9phrologie : <a href=\"http:\/\/cuen.fr\">http:\/\/cuen.fr<\/a><\/li>\n<li>Club des Jeunes N\u00e9phrologues : <a href=\"http:\/\/www.cjnephro.com\">www.cjnephro.com<\/a><\/li>\n<li>Soci\u00e9t\u00e9 Francophone de Transplantation Juniors : <a href=\"http:\/\/sft-juniors.fr\">http:\/\/sft-<\/a><a href=\"http:\/\/sft-juniors.fr\">juniors.fr<\/a><\/li>\n<li>Registre de Dialyse P\u00e9riton\u00e9ale de Langue Fran\u00e7aise : <a href=\"http:\/\/rdplf.org\">http:\/\/rdplf.org<\/a><\/li>\n<li>Fondation du Rein : <a href=\"http:\/\/www.fondation-du-rein.org\">www.fondation-du-rein.org<\/a><\/li>\n<li>Agence de la Biom\u00e9decine : <a href=\"https:\/\/www.agence-biomedecine.fr\">https:\/\/www.agence-biomedecine.fr<\/a><\/li>\n<li>International Society of Nephrology : <a href=\"https:\/\/www.theisn.org\">https:\/\/www.theisn.org<\/a><\/li>\n<li>European Renal Association : <a href=\"http:\/\/web.era-edta.org\">http:\/\/web.era-edta.org<\/a><\/li>\n<li>N\u00e9phrohus : <a href=\"https:\/\/nephro.unistra.fr\/\">https:\/\/nephro.unistra.fr<\/a><a href=\"https:\/\/nephro.unistra.fr\/\">\/<\/a><\/li>\n<\/ul>\n<p style=\"text-align: center;\">Site de e-learning en n\u00e9phrologie.<\/p>\n<ul>\n<li>PerrUche en automne : <a href=\"http:\/\/perruchenautomne.eu\/wordpress\/\">http:\/\/perruchenautomne.eu\/wordpress<\/a><a href=\"http:\/\/perruchenautomne.eu\/wordpress\/\">\/<\/a><\/li>\n<\/ul>\n<p style=\"text-align: center;\">Un blog n\u00e9phro-m\u00e9dico-philosophique<\/p>\n<ul>\n<li>Nephroblog : <a href=\"https:\/\/nephro.blog\/medecin\/\">https:\/\/nephro.blog\/medecin<\/a><a href=\"https:\/\/nephro.blog\/medecin\/\">\/<\/a><\/li>\n<\/ul>\n<p style=\"text-align: center;\">\u00a0 Blog d\u2019un n\u00e9phrologue Suisse avec cours, protocoles<\/p>\n<ul>\n<li>GPR : <a href=\"http:\/\/sitegpr.com\/fr\/\">http:\/\/sitegpr.com\/fr\/<\/a><\/li>\n<\/ul>\n<p style=\"text-align: center;\">Adaptation th\u00e9rapeutique chez le patient insuffisant r\u00e9nale chronique<\/p>\n<p><img \/><\/p>\n<p><img \/><img \/><\/p>\n<p><img \/><\/p>\n<p>&nbsp;<\/p>\n","protected":false},"excerpt":{"rendered":"<p>Internat InterSyndicat National des Internes : www.isni.fr Nombreuses informations sur les villes, la r\u00e9forme, le statut de l\u2019interne, les remplacements \u2026 Syndicat National des Internes de N\u00e9phrologie : http:\/\/sninephro.fr \/ page facebook du SNIN&#46;&#46;&#46;<\/p>\n","protected":false},"author":1,"featured_media":0,"parent":0,"menu_order":0,"comment_status":"closed","ping_status":"closed","template":"","meta":[],"_links":{"self":[{"href":"https:\/\/sninephro.fr\/index.php\/wp-json\/wp\/v2\/pages\/203"}],"collection":[{"href":"https:\/\/sninephro.fr\/index.php\/wp-json\/wp\/v2\/pages"}],"about":[{"href":"https:\/\/sninephro.fr\/index.php\/wp-json\/wp\/v2\/types\/page"}],"author":[{"embeddable":true,"href":"https:\/\/sninephro.fr\/index.php\/wp-json\/wp\/v2\/users\/1"}],"replies":[{"embeddable":true,"href":"https:\/\/sninephro.fr\/index.php\/wp-json\/wp\/v2\/comments?post=203"}],"version-history":[{"count":4,"href":"https:\/\/sninephro.fr\/index.php\/wp-json\/wp\/v2\/pages\/203\/revisions"}],"predecessor-version":[{"id":207,"href":"https:\/\/sninephro.fr\/index.php\/wp-json\/wp\/v2\/pages\/203\/revisions\/207"}],"wp:attachment":[{"href":"https:\/\/sninephro.fr\/index.php\/wp-json\/wp\/v2\/media?parent=203"}],"curies":[{"name":"wp","href":"https:\/\/api.w.org\/{rel}","templated":true}]}}