{"id":25,"date":"2017-07-03T20:09:21","date_gmt":"2017-07-03T18:09:21","guid":{"rendered":"http:\/\/sninephro.fr\/?page_id=25"},"modified":"2024-01-10T20:11:05","modified_gmt":"2024-01-10T19:11:05","slug":"cours-de-des","status":"publish","type":"page","link":"https:\/\/sninephro.fr\/index.php\/enseignements\/cours-de-des\/","title":{"rendered":"Cours &#038; Congr\u00e8s"},"content":{"rendered":"\n<p><strong>Cours<\/strong> :<\/p>\n\n\n\n<p>Vous retrouverez les cours de DES Nationaux sur le site du CUEN :<br><a href=\"http:\/\/cuen.fr\/\">http:\/\/cuen.fr\/<\/a><br>Des informations vous sont \u00e9galement envoy\u00e9es par mail.<\/p>\n\n\n\n<p>Selon les inter-r\u00e9gions des cours peuvent vous \u00eatre propos\u00e9s, nous vous renvoyons \u00e0 vos coordinateurs de DES.<\/p>\n\n\n\n<p><strong>Congr\u00e8s<\/strong> : <\/p>\n\n\n\n<p>Congr\u00e8s annuel de la SFNDT : <a href=\"https:\/\/www.congres.sfndt.org\/\">https:\/\/www.congres.sfndt.org\/<\/a><\/p>\n\n\n\n<p>Nombreux congr\u00e8s et \u00e9v\u00e8nements : <a href=\"https:\/\/www.cjnephro.com\/agenda-des-evenements\/\">https:\/\/www.cjnephro.com\/agenda-des-evenements\/<\/a><\/p>\n\n\n\n<p><strong>Groupe Transplantation et Infections (GTI)<\/strong><\/p>\n\n\n\n<p>Une journ\u00e9e annuelle; avec la journ\u00e9e 2024 :<\/p>\n\n\n\n<p><\/p>\n\n\n\n<figure class=\"wp-block-image size-large\"><img decoding=\"async\" loading=\"lazy\" width=\"1024\" height=\"561\" src=\"https:\/\/sninephro.fr\/wp-content\/uploads\/2024\/01\/gti-1-1024x561.png\" alt=\"\" class=\"wp-image-676\" srcset=\"https:\/\/sninephro.fr\/wp-content\/uploads\/2024\/01\/gti-1-1024x561.png 1024w, https:\/\/sninephro.fr\/wp-content\/uploads\/2024\/01\/gti-1-300x164.png 300w, https:\/\/sninephro.fr\/wp-content\/uploads\/2024\/01\/gti-1-768x421.png 768w, https:\/\/sninephro.fr\/wp-content\/uploads\/2024\/01\/gti-1.png 1410w\" sizes=\"(max-width: 1024px) 100vw, 1024px\" \/><\/figure>\n\n\n\n<figure class=\"wp-block-image size-large\"><img decoding=\"async\" loading=\"lazy\" width=\"1024\" height=\"547\" src=\"https:\/\/sninephro.fr\/wp-content\/uploads\/2024\/01\/gti-prog-2-1024x547.png\" alt=\"\" class=\"wp-image-677\" srcset=\"https:\/\/sninephro.fr\/wp-content\/uploads\/2024\/01\/gti-prog-2-1024x547.png 1024w, https:\/\/sninephro.fr\/wp-content\/uploads\/2024\/01\/gti-prog-2-300x160.png 300w, https:\/\/sninephro.fr\/wp-content\/uploads\/2024\/01\/gti-prog-2-768x410.png 768w, https:\/\/sninephro.fr\/wp-content\/uploads\/2024\/01\/gti-prog-2.png 1442w\" sizes=\"(max-width: 1024px) 100vw, 1024px\" \/><\/figure>\n","protected":false},"excerpt":{"rendered":"<p>Cours : Vous retrouverez les cours de DES Nationaux sur le site du CUEN :http:\/\/cuen.fr\/Des informations vous sont \u00e9galement envoy\u00e9es par mail. Selon les inter-r\u00e9gions des cours peuvent vous \u00eatre propos\u00e9s, nous vous renvoyons&#46;&#46;&#46;<\/p>\n","protected":false},"author":1,"featured_media":0,"parent":8,"menu_order":0,"comment_status":"closed","ping_status":"closed","template":"","meta":[],"_links":{"self":[{"href":"https:\/\/sninephro.fr\/index.php\/wp-json\/wp\/v2\/pages\/25"}],"collection":[{"href":"https:\/\/sninephro.fr\/index.php\/wp-json\/wp\/v2\/pages"}],"about":[{"href":"https:\/\/sninephro.fr\/index.php\/wp-json\/wp\/v2\/types\/page"}],"author":[{"embeddable":true,"href":"https:\/\/sninephro.fr\/index.php\/wp-json\/wp\/v2\/users\/1"}],"replies":[{"embeddable":true,"href":"https:\/\/sninephro.fr\/index.php\/wp-json\/wp\/v2\/comments?post=25"}],"version-history":[{"count":5,"href":"https:\/\/sninephro.fr\/index.php\/wp-json\/wp\/v2\/pages\/25\/revisions"}],"predecessor-version":[{"id":678,"href":"https:\/\/sninephro.fr\/index.php\/wp-json\/wp\/v2\/pages\/25\/revisions\/678"}],"up":[{"embeddable":true,"href":"https:\/\/sninephro.fr\/index.php\/wp-json\/wp\/v2\/pages\/8"}],"wp:attachment":[{"href":"https:\/\/sninephro.fr\/index.php\/wp-json\/wp\/v2\/media?parent=25"}],"curies":[{"name":"wp","href":"https:\/\/api.w.org\/{rel}","templated":true}]}}