{"id":264,"date":"2017-07-21T17:04:10","date_gmt":"2017-07-21T15:04:10","guid":{"rendered":"http:\/\/sninephro.fr\/?page_id=264"},"modified":"2017-07-21T17:14:11","modified_gmt":"2017-07-21T15:14:11","slug":"atlas-of-renal-pathology-ii","status":"publish","type":"page","link":"https:\/\/sninephro.fr\/index.php\/enseignements\/bibliotheque-universitaire\/atlas-of-renal-pathology-ii\/","title":{"rendered":"Atlas of renal pathology II"},"content":{"rendered":"<h2>Maladies glom\u00e9rulaires primitives<\/h2>\n<h3><img decoding=\"async\" src=\"http:\/\/www.ajkd.org\/pb\/assets\/raw\/Health%20Advance\/journals\/yajkd\/orangebutton2.jpg\" \/>\u00a0 Maladie glom\u00e9rulaire causant des syndromes n\u00e9phrotiques<\/h3>\n<h4><img decoding=\"async\" src=\"http:\/\/www.ajkd.org\/pb\/assets\/raw\/Health%20Advance\/journals\/yajkd\/diamondbullet2.jpg\" \/>\u00a0\u00a0Sans complexes immuns<\/h4>\n<p><img decoding=\"async\" src=\"http:\/\/www.ajkd.org\/pb\/assets\/raw\/Health%20Advance\/journals\/yajkd\/squarebullet2.jpg\" \/>\u00a0\u00a0<a href=\"http:\/\/www.ajkd.org\/article\/S0272-6386(15)00634-4\/fulltext\">Minimal Change Disease<\/a><br \/>\n<img decoding=\"async\" src=\"http:\/\/www.ajkd.org\/pb\/assets\/raw\/Health%20Advance\/journals\/yajkd\/squarebullet2.jpg\" \/>\u00a0\u00a0<a href=\"http:\/\/www.ajkd.org\/article\/S0272-6386(15)00949-X\/fulltext\">Congenital Nephrotic Syndrome of Finnish Type<\/a><br \/>\n<img decoding=\"async\" src=\"http:\/\/www.ajkd.org\/pb\/assets\/raw\/Health%20Advance\/journals\/yajkd\/squarebullet2.jpg\" \/>\u00a0\u00a0<a href=\"http:\/\/www.ajkd.org\/article\/S0272-6386(15)01046-X\/fulltext\">Diffuse Mesangial Sclerosis<\/a><br \/>\n<img decoding=\"async\" src=\"http:\/\/www.ajkd.org\/pb\/assets\/raw\/Health%20Advance\/journals\/yajkd\/squarebullet2.jpg\" \/>\u00a0\u00a0Focal Segmental Glomerulosclerosis (FSGS), Not Otherwise Specified (NOS) and Variants:<br \/>\n<img decoding=\"async\" loading=\"lazy\" src=\"http:\/\/www.ajkd.org\/pb\/assets\/raw\/Health%20Advance\/journals\/yajkd\/arrowbullet2.jpg\" width=\"13\" height=\"14\" \/>\u00a0\u00a0<a href=\"http:\/\/www.ajkd.org\/article\/S0272-6386(15)00636-8\/fulltext\">FSGS, NOS<\/a><br \/>\n<img decoding=\"async\" src=\"http:\/\/www.ajkd.org\/pb\/assets\/raw\/Health%20Advance\/journals\/yajkd\/arrowbullet2.jpg\" \/>\u00a0\u00a0<a href=\"http:\/\/www.ajkd.org\/article\/S0272-6386(15)00638-1\/fulltext\">Collapsing Glomerulopathy<\/a><br \/>\n<img decoding=\"async\" src=\"http:\/\/www.ajkd.org\/pb\/assets\/raw\/Health%20Advance\/journals\/yajkd\/arrowbullet2.jpg\" \/>\u00a0\u00a0<a href=\"http:\/\/www.ajkd.org\/article\/S0272-6386(15)00643-5\/fulltext\">Tip Lesion Variant of FSGS<\/a><br \/>\n<img decoding=\"async\" src=\"http:\/\/www.ajkd.org\/pb\/assets\/raw\/Health%20Advance\/journals\/yajkd\/arrowbullet2.jpg\" \/>\u00a0\u00a0<a href=\"http:\/\/www.ajkd.org\/article\/S0272-6386(15)00851-3\/fulltext\">Cellular Variant of FSGS<\/a><br \/>\n<img decoding=\"async\" src=\"http:\/\/www.ajkd.org\/pb\/assets\/raw\/Health%20Advance\/journals\/yajkd\/arrowbullet2.jpg\" \/>\u00a0\u00a0<a href=\"http:\/\/www.ajkd.org\/article\/S0272-6386(15)00850-1\/fulltext\">Hilar Variant of FSGS\u00a0<\/a><\/p>\n<p><a href=\"http:\/\/www.ajkd.org\/article\/S0272-6386(15)00939-7\/fulltext\"><img decoding=\"async\" src=\"http:\/\/www.ajkd.org\/pb\/assets\/raw\/Health%20Advance\/journals\/yajkd\/squarebullet2.jpg\" \/> C1q Nephropathy<\/a><\/p>\n<h4><img decoding=\"async\" src=\"http:\/\/www.ajkd.org\/pb\/assets\/raw\/Health%20Advance\/journals\/yajkd\/diamondbullet2.jpg\" \/>\u00a0 Avec complexes immuns<\/h4>\n<p><img decoding=\"async\" src=\"http:\/\/www.ajkd.org\/pb\/assets\/raw\/Health%20Advance\/journals\/yajkd\/squarebullet2.jpg\" \/>\u00a0\u00a0<a href=\"http:\/\/www.ajkd.org\/article\/S0272-6386(15)00945-2\/fulltext\">Membranous Nephropathy<\/a><br \/>\n<img decoding=\"async\" src=\"http:\/\/www.ajkd.org\/pb\/assets\/raw\/Health%20Advance\/journals\/yajkd\/squarebullet2.jpg\" \/>\u00a0\u00a0<a href=\"http:\/\/www.ajkd.org\/article\/S0272-6386(15)00947-6\/fulltext\">Membranoproliferative Glomerulonephritis (GN)<\/a><br \/>\n<img decoding=\"async\" src=\"http:\/\/www.ajkd.org\/pb\/assets\/raw\/Health%20Advance\/journals\/yajkd\/squarebullet2.jpg\" \/>\u00a0\u00a0C3 Glomerulopathies:<br \/>\n<img decoding=\"async\" src=\"http:\/\/www.ajkd.org\/pb\/assets\/raw\/Health%20Advance\/journals\/yajkd\/arrowbullet2.jpg\" \/>\u00a0\u00a0<a href=\"http:\/\/www.ajkd.org\/article\/S0272-6386(15)00950-6\/fulltext\">Dense Deposit Disease<\/a><br \/>\n<img decoding=\"async\" src=\"http:\/\/www.ajkd.org\/pb\/assets\/raw\/Health%20Advance\/journals\/yajkd\/arrowbullet2.jpg\" \/>\u00a0\u00a0<a href=\"http:\/\/www.ajkd.org\/article\/S0272-6386(15)01041-0\/fulltext\">GN With Dominant C3<\/a><br \/>\n<img decoding=\"async\" src=\"http:\/\/www.ajkd.org\/pb\/assets\/raw\/Health%20Advance\/journals\/yajkd\/squarebullet2.jpg\" \/>\u00a0\u00a0<a href=\"http:\/\/www.ajkd.org\/article\/S0272-6386(15)01039-2\/fulltext\">Fibrillary GN<\/a><br \/>\n<img decoding=\"async\" src=\"http:\/\/www.ajkd.org\/pb\/assets\/raw\/Health%20Advance\/journals\/yajkd\/squarebullet2.jpg\" \/>\u00a0\u00a0<a href=\"http:\/\/www.ajkd.org\/article\/S0272-6386(15)01040-9\/fulltext\">Immunotactoid Glomerulopathy<\/a><\/p>\n<h3><img decoding=\"async\" src=\"http:\/\/www.ajkd.org\/pb\/assets\/raw\/Health%20Advance\/journals\/yajkd\/orangebutton2.jpg\" \/>\u00a0\u00a0Maladies glom\u00e9rulaires causant des h\u00e9maturies r\u00e9cidivantes ou des syndromes n\u00e9phrotiques<\/h3>\n<p><img decoding=\"async\" src=\"http:\/\/www.ajkd.org\/pb\/assets\/raw\/Health%20Advance\/journals\/yajkd\/diamondbullet2.jpg\" \/>\u00a0\u00a0<a href=\"http:\/\/www.ajkd.org\/article\/S0272-6386(15)01042-2\/fulltext\">Postinfectious GN<\/a><br \/>\n<img decoding=\"async\" src=\"http:\/\/www.ajkd.org\/pb\/assets\/raw\/Health%20Advance\/journals\/yajkd\/diamondbullet2.jpg\" \/>\u00a0\u00a0<a href=\"http:\/\/www.ajkd.org\/article\/S0272-6386(15)01038-0\/fulltext\">IgA Nephropathy<\/a><\/p>\n<h2>Manifestations glom\u00e9rulaires de maladies syst\u00e9miques<\/h2>\n<h3><img decoding=\"async\" src=\"http:\/\/www.ajkd.org\/pb\/assets\/raw\/Health%20Advance\/journals\/yajkd\/orangebutton2.jpg\" \/>\u00a0 Maladies associ\u00e9es avec un syndrome n\u00e9phrotique<\/h3>\n<p><img decoding=\"async\" src=\"http:\/\/www.ajkd.org\/pb\/assets\/raw\/Health%20Advance\/journals\/yajkd\/diamondbullet2.jpg\" \/> M\u00e9di\u00e9s par des complexes immuns<br \/>\n<img decoding=\"async\" src=\"http:\/\/www.ajkd.org\/pb\/assets\/raw\/Health%20Advance\/journals\/yajkd\/squarebullet2.jpg\" \/>\u00a0\u00a0<a href=\"http:\/\/www.ajkd.org\/article\/S0272-6386(15)01423-7\/fulltext\">Cryoglobulinemic GN<\/a><\/p>\n<p><img decoding=\"async\" src=\"http:\/\/www.ajkd.org\/pb\/assets\/raw\/Health%20Advance\/journals\/yajkd\/diamondbullet2.jpg\" \/>\u00a0\u00a0Non\u2013m\u00e9di\u00e9s par des complexes immuns<br \/>\n<img decoding=\"async\" src=\"http:\/\/www.ajkd.org\/pb\/assets\/raw\/Health%20Advance\/journals\/yajkd\/squarebullet2.jpg\" \/>\u00a0 Maladie de d\u00e9p\u00f4ts d&rsquo;immunoglobulines monoclonales :<br \/>\n<img decoding=\"async\" src=\"http:\/\/www.ajkd.org\/pb\/assets\/raw\/Health%20Advance\/journals\/yajkd\/arrowbullet2.jpg\" \/>\u00a0\u00a0<a href=\"http:\/\/www.ajkd.org\/article\/S0272-6386(15)01247-0\/fulltext\">AL Amyloidosis<\/a><br \/>\n<img decoding=\"async\" src=\"http:\/\/www.ajkd.org\/pb\/assets\/raw\/Health%20Advance\/journals\/yajkd\/arrowbullet2.jpg\" \/>\u00a0\u00a0<a href=\"http:\/\/www.ajkd.org\/article\/S0272-6386(15)01248-2\/fulltext\">Light Chain Deposition Disease<\/a><br \/>\n<img decoding=\"async\" src=\"http:\/\/www.ajkd.org\/pb\/assets\/raw\/Health%20Advance\/journals\/yajkd\/arrowbullet2.jpg\" \/>\u00a0\u00a0<a href=\"http:\/\/www.ajkd.org\/article\/S0272-6386(15)01424-9\/fulltext\">Light and Heavy Chain Deposition Disease<\/a><br \/>\n<img decoding=\"async\" src=\"http:\/\/www.ajkd.org\/pb\/assets\/raw\/Health%20Advance\/journals\/yajkd\/arrowbullet2.jpg\" \/>\u00a0\u00a0<a href=\"http:\/\/www.ajkd.org\/article\/S0272-6386(16)00007-X\/fulltext\">Heavy Chain Deposition Disease<\/a><br \/>\n<img decoding=\"async\" src=\"http:\/\/www.ajkd.org\/pb\/assets\/raw\/Health%20Advance\/journals\/yajkd\/squarebullet2.jpg\" \/>\u00a0\u00a0<a href=\"http:\/\/www.ajkd.org\/article\/S0272-6386(15)01246-9\/fulltext\">Hereditary and Other Non-AL Amyloidoses<\/a><br \/>\n<img decoding=\"async\" src=\"http:\/\/www.ajkd.org\/pb\/assets\/raw\/Health%20Advance\/journals\/yajkd\/squarebullet2.jpg\" \/>\u00a0\u00a0<a href=\"http:\/\/www.ajkd.org\/article\/S0272-6386(16)30184-6\/fulltext\">HIV-Associated Nephropathy<\/a><br \/>\n<img decoding=\"async\" src=\"http:\/\/www.ajkd.org\/pb\/assets\/raw\/Health%20Advance\/journals\/yajkd\/squarebullet2.jpg\" \/>\u00a0\u00a0<a href=\"http:\/\/www.ajkd.org\/article\/S0272-6386(16)30115-9\/fulltext\">Sickle Cell Nephropathy<\/a><br \/>\n<img decoding=\"async\" src=\"http:\/\/www.ajkd.org\/pb\/assets\/raw\/Health%20Advance\/journals\/yajkd\/squarebullet2.jpg\" \/>\u00a0\u00a0<a href=\"http:\/\/www.ajkd.org\/article\/S0272-6386(15)01045-8\/fulltext\">Fabry Nephropathy<\/a><br \/>\n<img decoding=\"async\" src=\"http:\/\/www.ajkd.org\/pb\/assets\/raw\/Health%20Advance\/journals\/yajkd\/squarebullet2.jpg\" \/>\u00a0\u00a0<a href=\"http:\/\/www.ajkd.org\/article\/S0272-6386(17)30630-3\/fulltext\">Type III Collagen Glomerulopathy<\/a><\/p>\n<h3><img decoding=\"async\" src=\"http:\/\/www.ajkd.org\/pb\/assets\/raw\/Health%20Advance\/journals\/yajkd\/orangebutton2.jpg\" \/>\u00a0\u00a0Maladie associ\u00e9es aux syndromes n\u00e9phritiques\/n\u00e9phrotiques ou aux glom\u00e9rulon\u00e9phrites rapidement progressives.<\/h3>\n<p><img decoding=\"async\" src=\"http:\/\/www.ajkd.org\/pb\/assets\/raw\/Health%20Advance\/journals\/yajkd\/diamondbullet2.jpg\" \/> M\u00e9di\u00e9s par des complexes immuns<br \/>\n<img decoding=\"async\" src=\"http:\/\/www.ajkd.org\/pb\/assets\/raw\/Health%20Advance\/journals\/yajkd\/squarebullet2.jpg\" \/>\u00a0\u00a0<a href=\"http:\/\/www.ajkd.org\/article\/S0272-6386(16)30185-8\/fulltext\">HIV-immune complex disease<\/a><br \/>\n<img decoding=\"async\" src=\"http:\/\/www.ajkd.org\/pb\/assets\/raw\/Health%20Advance\/journals\/yajkd\/squarebullet2.jpg\" \/>\u00a0\u00a0<a href=\"http:\/\/www.ajkd.org\/article\/S0272-6386(16)30183-4\/fulltext\">Bacterial endocarditis-associated GN<\/a><br \/>\n<img decoding=\"async\" src=\"http:\/\/www.ajkd.org\/pb\/assets\/raw\/Health%20Advance\/journals\/yajkd\/squarebullet2.jpg\" \/>\u00a0\u00a0<a href=\"http:\/\/www.ajkd.org\/article\/S0272-6386(16)30435-8\/fulltext\">Anti\u2013Glomerular Basement Membrane Antibody\u2013Mediated Glomerulonephritis<\/a><\/p>\n<p><img decoding=\"async\" src=\"http:\/\/www.ajkd.org\/pb\/assets\/raw\/Health%20Advance\/journals\/yajkd\/diamondbullet2.jpg\" \/> Non\u2013m\u00e9di\u00e9s par des complexes immuns<br \/>\n<img decoding=\"async\" src=\"http:\/\/www.ajkd.org\/pb\/assets\/raw\/Health%20Advance\/journals\/yajkd\/squarebullet2.jpg\" \/>\u00a0\u00a0<a href=\"http:\/\/www.ajkd.org\/article\/S0272-6386(16)30434-6\/fulltext\">Pauci-immune Necrotizing Crescentic GN<\/a><br \/>\n<img decoding=\"async\" src=\"http:\/\/www.ajkd.org\/pb\/assets\/raw\/Health%20Advance\/journals\/yajkd\/squarebullet2.jpg\" \/>\u00a0\u00a0<a href=\"http:\/\/www.ajkd.org\/article\/S0272-6386(16)00006-8\/fulltext\">Proliferative GN With Monoclonal Immunoglobulin Deposits<\/a><\/p>\n<h3><img decoding=\"async\" src=\"http:\/\/www.ajkd.org\/pb\/assets\/raw\/Health%20Advance\/journals\/yajkd\/orangebutton2.jpg\" \/>\u00a0 Maladie associ\u00e9es avec peu d&rsquo;anomalies du s\u00e9diment urinaires\/ou avec h\u00e9maturies isol\u00e9es<\/h3>\n<p><img decoding=\"async\" src=\"http:\/\/www.ajkd.org\/pb\/assets\/raw\/Health%20Advance\/journals\/yajkd\/diamondbullet2.jpg\" \/>\u00a0 Maladie de la membrane basale<br \/>\n<img decoding=\"async\" src=\"http:\/\/www.ajkd.org\/pb\/assets\/raw\/Health%20Advance\/journals\/yajkd\/squarebullet2.jpg\" \/>\u00a0\u00a0<a href=\"http:\/\/www.ajkd.org\/article\/S0272-6386(16)30354-7\/fulltext\">Alport Syndrome<\/a><br \/>\n<img decoding=\"async\" src=\"http:\/\/www.ajkd.org\/pb\/assets\/raw\/Health%20Advance\/journals\/yajkd\/squarebullet2.jpg\" \/>\u00a0\u00a0<a href=\"http:\/\/www.ajkd.org\/article\/S0272-6386(16)30364-X\/fulltext\">Thin Glomerular Basement Membrane Lesion<\/a><\/p>\n<h2>Maladies vasculaires<\/h2>\n<p><img decoding=\"async\" src=\"http:\/\/www.ajkd.org\/pb\/assets\/raw\/Health%20Advance\/journals\/yajkd\/blackbutton2.jpg\" \/>\u00a0\u00a0<a href=\"http:\/\/www.ajkd.org\/article\/S0272-6386(15)01049-5\/fulltext\">Diabetic Nephropathy<\/a><br \/>\n<img decoding=\"async\" src=\"http:\/\/www.ajkd.org\/pb\/assets\/raw\/Health%20Advance\/journals\/yajkd\/blackbutton2.jpg\" \/>\u00a0\u00a0<a href=\"http:\/\/www.ajkd.org\/article\/S0272-6386(16)30355-9\/fulltext\">Idiopathic Nodular Sclerosis<\/a><br \/>\n<img decoding=\"async\" src=\"http:\/\/www.ajkd.org\/pb\/assets\/raw\/Health%20Advance\/journals\/yajkd\/blackbutton2.jpg\" \/>\u00a0\u00a0<a href=\"http:\/\/www.ajkd.org\/article\/S0272-6386(16)30512-1\/fulltext\">Thrombotic Microangiopathy<\/a><br \/>\n<img decoding=\"async\" src=\"http:\/\/www.ajkd.org\/pb\/assets\/raw\/Health%20Advance\/journals\/yajkd\/blackbutton2.jpg\" \/>\u00a0\u00a0<a href=\"http:\/\/www.ajkd.org\/article\/S0272-6386(16)00144-X\/fulltext\">Systemic Sclerosis<\/a><br \/>\n<img decoding=\"async\" src=\"http:\/\/www.ajkd.org\/pb\/assets\/raw\/Health%20Advance\/journals\/yajkd\/blackbutton2.jpg\" \/>\u00a0\u00a0<a href=\"http:\/\/www.ajkd.org\/article\/S0272-6386(16)00146-3\/fulltext\">Arterionephrosclerosis<\/a><br \/>\n<img decoding=\"async\" src=\"http:\/\/www.ajkd.org\/pb\/assets\/raw\/Health%20Advance\/journals\/yajkd\/blackbutton2.jpg\" \/>\u00a0\u00a0<a href=\"http:\/\/www.ajkd.org\/article\/S0272-6386(16)00145-1\/fulltext\">Cholesterol Emboli<\/a><\/p>\n<h2>Maladie tubulo-interstitielles<\/h2>\n<p><img decoding=\"async\" src=\"http:\/\/www.ajkd.org\/pb\/assets\/raw\/Health%20Advance\/journals\/yajkd\/blackbutton2.jpg\" \/>\u00a0\u00a0<a href=\"http:\/\/www.ajkd.org\/article\/S0272-6386(16)00220-1\/fulltext\">Ischemic Acute Tubular Injury<\/a><br \/>\n<img decoding=\"async\" src=\"http:\/\/www.ajkd.org\/pb\/assets\/raw\/Health%20Advance\/journals\/yajkd\/blackbutton2.jpg\" \/>\u00a0\u00a0<a href=\"http:\/\/www.ajkd.org\/article\/S0272-6386(16)30027-0\/fulltext\">Toxic Acute Tubular Injury<\/a><br \/>\n<img decoding=\"async\" src=\"http:\/\/www.ajkd.org\/pb\/assets\/raw\/Health%20Advance\/journals\/yajkd\/diamondbullet2.jpg\" \/>\u00a0\u00a0<a href=\"http:\/\/www.ajkd.org\/article\/S0272-6386(16)30648-5\/fulltext\">Myoglobin Cast Nephropathy<\/a><br \/>\n<img decoding=\"async\" src=\"http:\/\/www.ajkd.org\/pb\/assets\/raw\/Health%20Advance\/journals\/yajkd\/diamondbullet2.jpg\" \/>\u00a0\u00a0<a href=\"http:\/\/www.ajkd.org\/article\/S0272-6386(16)30647-3\/fulltext\">Bile Nephrosis<\/a><br \/>\n<img decoding=\"async\" src=\"http:\/\/www.ajkd.org\/pb\/assets\/raw\/Health%20Advance\/journals\/yajkd\/diamondbullet2.jpg\" \/>\u00a0\u00a0<a href=\"http:\/\/www.ajkd.org\/article\/S0272-6386(16)30649-7\/fulltext\">Osmotic Tubular Injury<\/a><br \/>\n<img decoding=\"async\" src=\"http:\/\/www.ajkd.org\/pb\/assets\/raw\/Health%20Advance\/journals\/yajkd\/blackbutton2.jpg\" \/>\u00a0\u00a0<a href=\"http:\/\/www.ajkd.org\/article\/S0272-6386(16)00222-5\/fulltext\">Cortical Necrosis<\/a><br \/>\n<img decoding=\"async\" src=\"http:\/\/www.ajkd.org\/pb\/assets\/raw\/Health%20Advance\/journals\/yajkd\/blackbutton2.jpg\" \/>\u00a0\u00a0<a href=\"http:\/\/www.ajkd.org\/article\/S0272-6386(16)30033-6\/fulltext\">Tubular Atrophy<\/a><br \/>\n<img decoding=\"async\" src=\"http:\/\/www.ajkd.org\/pb\/assets\/raw\/Health%20Advance\/journals\/yajkd\/blackbutton2.jpg\" \/>\u00a0\u00a0Inflammatoire\/Infectieuse<br \/>\n<img decoding=\"async\" src=\"http:\/\/www.ajkd.org\/pb\/assets\/raw\/Health%20Advance\/journals\/yajkd\/diamondbullet2.jpg\" \/>\u00a0\u00a0<a href=\"http:\/\/www.ajkd.org\/article\/S0272-6386(16)30356-0\/fulltext\">Acute Pyelonephritis<\/a><br \/>\n<img decoding=\"async\" src=\"http:\/\/www.ajkd.org\/pb\/assets\/raw\/Health%20Advance\/journals\/yajkd\/diamondbullet2.jpg\" \/>\u00a0\u00a0<a href=\"http:\/\/www.ajkd.org\/article\/S0272-6386(16)30353-5\/fulltext\">Chronic Pyelonephritis<\/a><br \/>\n<img decoding=\"async\" src=\"http:\/\/www.ajkd.org\/pb\/assets\/raw\/Health%20Advance\/journals\/yajkd\/diamondbullet2.jpg\" \/>\u00a0\u00a0<a href=\"http:\/\/www.ajkd.org\/article\/S0272-6386(16)30365-1\/fulltext\">Malakoplakia<\/a><br \/>\n<img decoding=\"async\" src=\"http:\/\/www.ajkd.org\/pb\/assets\/raw\/Health%20Advance\/journals\/yajkd\/blackbutton2.jpg\" \/>\u00a0\u00a0Immunologique<br \/>\n<img decoding=\"async\" src=\"http:\/\/www.ajkd.org\/pb\/assets\/raw\/Health%20Advance\/journals\/yajkd\/diamondbullet2.jpg\" \/>\u00a0\u00a0<a href=\"http:\/\/www.ajkd.org\/article\/S0272-6386(16)30026-9\/fulltext\">Acute Interstitial Nephritis<\/a><br \/>\n<img decoding=\"async\" src=\"http:\/\/www.ajkd.org\/pb\/assets\/raw\/Health%20Advance\/journals\/yajkd\/diamondbullet2.jpg\" \/>\u00a0 N\u00e9phrite interstielle chronique<br \/>\n<img decoding=\"async\" src=\"http:\/\/www.ajkd.org\/pb\/assets\/raw\/Health%20Advance\/journals\/yajkd\/squarebullet2.jpg\" \/>\u00a0\u00a0<a href=\"http:\/\/www.ajkd.org\/article\/S0272-6386(17)30138-5\/fulltext\">IgG4-Related Disease<\/a><br \/>\n<img decoding=\"async\" src=\"http:\/\/www.ajkd.org\/pb\/assets\/raw\/Health%20Advance\/journals\/yajkd\/squarebullet2.jpg\" \/>\u00a0\u00a0<a href=\"http:\/\/www.ajkd.org\/article\/S0272-6386(17)30631-5\/fulltext\">Tubulointerstitial Nephritis With Uveitis<\/a><br \/>\n<img decoding=\"async\" src=\"http:\/\/www.ajkd.org\/pb\/assets\/raw\/Health%20Advance\/journals\/yajkd\/squarebullet2.jpg\" \/>\u00a0\u00a0<a href=\"http:\/\/www.ajkd.org\/article\/S0272-6386(17)30629-7\/fulltext\">Kidney Disease in Primary Sj\u00f6gren Syndrome<\/a><br \/>\n<img decoding=\"async\" src=\"http:\/\/www.ajkd.org\/pb\/assets\/raw\/Health%20Advance\/journals\/yajkd\/diamondbullet2.jpg\" \/>\u00a0\u00a0<a href=\"http:\/\/www.ajkd.org\/article\/S0272-6386(16)30116-0\/fulltext\">Sarcoidoisis<\/a><br \/>\n<img decoding=\"async\" src=\"http:\/\/www.ajkd.org\/pb\/assets\/raw\/Health%20Advance\/journals\/yajkd\/diamondbullet2.jpg\" \/>\u00a0\u00a0<a href=\"http:\/\/www.ajkd.org\/article\/S0272-6386(16)30114-7\/fulltext\">Karyomegalic Nephropathy<\/a><br \/>\n<img decoding=\"async\" src=\"http:\/\/www.ajkd.org\/pb\/assets\/raw\/Health%20Advance\/journals\/yajkd\/blackbutton2.jpg\" \/>\u00a0 Li\u00e9es aux prot\u00e9ines monoclonales<br \/>\n<img decoding=\"async\" src=\"http:\/\/www.ajkd.org\/pb\/assets\/raw\/Health%20Advance\/journals\/yajkd\/diamondbullet2.jpg\" \/>\u00a0\u00a0<a href=\"http:\/\/www.ajkd.org\/article\/S0272-6386(16)00004-4\/fulltext\">Light Chain Cast Nephropathy<\/a><br \/>\n<img decoding=\"async\" src=\"http:\/\/www.ajkd.org\/pb\/assets\/raw\/Health%20Advance\/journals\/yajkd\/diamondbullet2.jpg\" \/>\u00a0\u00a0<a href=\"http:\/\/www.ajkd.org\/article\/S0272-6386(15)01422-5\/fulltext\">Light Chain Proximal Tubulopathy<\/a><br \/>\n<img decoding=\"async\" src=\"http:\/\/www.ajkd.org\/pb\/assets\/raw\/Health%20Advance\/journals\/yajkd\/blackbutton2.jpg\" \/>\u00a0 Li\u00e9es a la formation de cristaux<br \/>\n<img decoding=\"async\" src=\"http:\/\/www.ajkd.org\/pb\/assets\/raw\/Health%20Advance\/journals\/yajkd\/diamondbullet2.jpg\" \/>\u00a0\u00a0<a href=\"http:\/\/www.ajkd.org\/article\/S0272-6386(16)30594-7\/fulltext\">Lithium Nephrotoxicity<\/a><br \/>\n<img decoding=\"async\" src=\"http:\/\/www.ajkd.org\/pb\/assets\/raw\/Health%20Advance\/journals\/yajkd\/diamondbullet2.jpg\" \/>\u00a0\u00a0<a href=\"http:\/\/www.ajkd.org\/article\/S0272-6386(16)30593-5\/fulltext\">Indinavir Nephropathy<\/a><br \/>\n<img decoding=\"async\" src=\"http:\/\/www.ajkd.org\/pb\/assets\/raw\/Health%20Advance\/journals\/yajkd\/diamondbullet2.jpg\" \/>\u00a0\u00a0<a href=\"http:\/\/www.ajkd.org\/article\/S0272-6386(16)30595-9\/fulltext\">Gouty Nephropathy<\/a><br \/>\n<img decoding=\"async\" src=\"http:\/\/www.ajkd.org\/pb\/assets\/raw\/Health%20Advance\/journals\/yajkd\/diamondbullet2.jpg\" \/>\u00a0\u00a0<a href=\"http:\/\/www.ajkd.org\/article\/S0272-6386(17)30031-8\/fulltext\">Oxalosis<\/a><br \/>\n<img decoding=\"async\" src=\"http:\/\/www.ajkd.org\/pb\/assets\/raw\/Health%20Advance\/journals\/yajkd\/diamondbullet2.jpg\" \/>\u00a0\u00a0<a href=\"http:\/\/www.ajkd.org\/article\/S0272-6386(17)30028-8\/fulltext\">2,8-Dihydroxyadeninuria<\/a><br \/>\n<img decoding=\"async\" src=\"http:\/\/www.ajkd.org\/pb\/assets\/raw\/Health%20Advance\/journals\/yajkd\/diamondbullet2.jpg\" \/>\u00a0\u00a0<a href=\"http:\/\/www.ajkd.org\/article\/S0272-6386(17)30030-6\/fulltext\">Nephrocalcinosis and Acute Phosphate Nephropathy<\/a><\/p>\n<h2>Transplantation r\u00e9nale<\/h2>\n<p><img decoding=\"async\" src=\"http:\/\/www.ajkd.org\/pb\/assets\/raw\/Health%20Advance\/journals\/yajkd\/blackbutton2.jpg\" \/>\u00a0\u00a0<a href=\"http:\/\/www.ajkd.org\/article\/S0272-6386(16)00221-3\/fulltext\">Acute T-Cell\u2013Mediated Cellular Rejection<\/a><br \/>\n<img decoding=\"async\" src=\"http:\/\/www.ajkd.org\/pb\/assets\/raw\/Health%20Advance\/journals\/yajkd\/blackbutton2.jpg\" \/>\u00a0\u00a0<a href=\"http:\/\/www.ajkd.org\/article\/S0272-6386(17)30141-5\/fulltext\">Calcineurin Inhibitor Nephrotoxity<\/a><br \/>\n<img decoding=\"async\" src=\"http:\/\/www.ajkd.org\/pb\/assets\/raw\/Health%20Advance\/journals\/yajkd\/blackbutton2.jpg\" \/>\u00a0\u00a0<a href=\"http:\/\/www.ajkd.org\/article\/S0272-6386(16)30514-5\/fulltext\">Cytomegalovirus Infection<\/a><br \/>\n<img decoding=\"async\" src=\"http:\/\/www.ajkd.org\/pb\/assets\/raw\/Health%20Advance\/journals\/yajkd\/blackbutton2.jpg\" \/>\u00a0\u00a0<a href=\"http:\/\/www.ajkd.org\/article\/S0272-6386(16)30513-3\/fulltext\">Polyomavirus Nephropathy<\/a><br \/>\n<img decoding=\"async\" src=\"http:\/\/www.ajkd.org\/pb\/assets\/raw\/Health%20Advance\/journals\/yajkd\/blackbutton2.jpg\" \/>\u00a0\u00a0<a href=\"http:\/\/www.ajkd.org\/article\/S0272-6386(17)30140-3\/fulltext\">Kidney Transplant Interstitial Fibrosis\/Tubular Atrophy<\/a><br \/>\n<img decoding=\"async\" src=\"http:\/\/www.ajkd.org\/pb\/assets\/raw\/Health%20Advance\/journals\/yajkd\/blackbutton2.jpg\" \/>\u00a0\u00a0<a href=\"http:\/\/www.ajkd.org\/article\/S0272-6386(15)01048-3\/fulltext\">Acute Antibody-Mediated Rejection<\/a><br \/>\n<img decoding=\"async\" src=\"http:\/\/www.ajkd.org\/pb\/assets\/raw\/Health%20Advance\/journals\/yajkd\/blackbutton2.jpg\" \/>\u00a0\u00a0<a href=\"http:\/\/www.ajkd.org\/article\/S0272-6386(15)01047-1\/fulltext\">Chronic Antibody-Mediated Rejection<\/a><\/p>\n","protected":false},"excerpt":{"rendered":"<p>Maladies glom\u00e9rulaires primitives \u00a0 Maladie glom\u00e9rulaire causant des syndromes n\u00e9phrotiques \u00a0\u00a0Sans complexes immuns \u00a0\u00a0Minimal Change Disease \u00a0\u00a0Congenital Nephrotic Syndrome of Finnish Type \u00a0\u00a0Diffuse Mesangial Sclerosis \u00a0\u00a0Focal Segmental Glomerulosclerosis (FSGS), Not Otherwise Specified (NOS) and&#46;&#46;&#46;<\/p>\n","protected":false},"author":1,"featured_media":0,"parent":236,"menu_order":0,"comment_status":"closed","ping_status":"closed","template":"","meta":[],"_links":{"self":[{"href":"https:\/\/sninephro.fr\/index.php\/wp-json\/wp\/v2\/pages\/264"}],"collection":[{"href":"https:\/\/sninephro.fr\/index.php\/wp-json\/wp\/v2\/pages"}],"about":[{"href":"https:\/\/sninephro.fr\/index.php\/wp-json\/wp\/v2\/types\/page"}],"author":[{"embeddable":true,"href":"https:\/\/sninephro.fr\/index.php\/wp-json\/wp\/v2\/users\/1"}],"replies":[{"embeddable":true,"href":"https:\/\/sninephro.fr\/index.php\/wp-json\/wp\/v2\/comments?post=264"}],"version-history":[{"count":4,"href":"https:\/\/sninephro.fr\/index.php\/wp-json\/wp\/v2\/pages\/264\/revisions"}],"predecessor-version":[{"id":268,"href":"https:\/\/sninephro.fr\/index.php\/wp-json\/wp\/v2\/pages\/264\/revisions\/268"}],"up":[{"embeddable":true,"href":"https:\/\/sninephro.fr\/index.php\/wp-json\/wp\/v2\/pages\/236"}],"wp:attachment":[{"href":"https:\/\/sninephro.fr\/index.php\/wp-json\/wp\/v2\/media?parent=264"}],"curies":[{"name":"wp","href":"https:\/\/api.w.org\/{rel}","templated":true}]}}