{"id":317,"date":"2018-03-17T16:41:12","date_gmt":"2018-03-17T15:41:12","guid":{"rendered":"http:\/\/sninephro.fr\/?page_id=317"},"modified":"2024-09-04T16:21:52","modified_gmt":"2024-09-04T14:21:52","slug":"master-2-cours","status":"publish","type":"page","link":"https:\/\/sninephro.fr\/index.php\/master-2-cours\/","title":{"rendered":"Master 2 : cours"},"content":{"rendered":"<div class=\"page\" title=\"Page 1\">\n<div class=\"layoutArea\">\n<div class=\"column\">\n<p>Liste non exhaustive des principaux master 2-recherche possibles en France, ouverts aux \u00e9tudiants en sant\u00e9 (centr\u00e9e sur des th\u00e9matiques pouvant int\u00e9resser l\u2019interne en N\u00e9phrologie) :<\/p>\n<p><em>Liste recueillie \u00e0 l&rsquo;issue d&rsquo;une enqu\u00eate men\u00e9e en 2024.<\/em><\/p>\n<table class=\"sa-text-table\">\n<tbody>\n<tr class=\"\">\n<td class=\"sa-text-table__cell\"><strong>Master 2 Recherche clinique<\/strong> &#8211; Disponible dans plusieurs universit\u00e9s<\/td>\n<\/tr>\n<tr class=\"\">\n<td class=\"sa-text-table__cell\"><strong><em>Epid\u00e9miologie, biostatistiques<\/em><\/strong><\/p>\n<ul>\n<li><span style=\"font-family: inherit; font-size: inherit; font-weight: inherit; color: initial;\">Master 2 Biostatistiques\u00a0 &#8211; Paris Saclay; disponible dans plusieurs universit\u00e9s<\/span><\/li>\n<li>Master 2 Science des donn\u00e9es en sant\u00e9 &#8211; Disponible dans plusieurs universit\u00e9s<\/li>\n<\/ul>\n<\/td>\n<\/tr>\n<tr class=\"\">\n<td class=\"sa-text-table__cell\"><strong>Master 2 Biologie Mol\u00e9culaire et Cellulaire (BMC)<\/strong> &#8211; Universit\u00e9 de Paris<\/p>\n<ul>\n<li>Sp\u00e9cialit\u00e9 : Inflammation et Maladies Inflammatoires (IMI) &#8211; INFLAMMEX <em>(en anglais) &#8211;<\/em> Universit\u00e9 de Paris.\u00a0 <a href=\"http:\/\/inflamex.fr\/formation\/master-2\/\">http:\/\/inflamex.fr\/formation\/master-2\/<\/a><\/li>\n<li>Sp\u00e9cialit\u00e9 : Immunologie et immunopathologie (<em>en anglais) &#8211;\u00a0<\/em>Universit\u00e9 de Paris<\/li>\n<\/ul>\n<p><strong>Master 2 immunologie &#8211;\u00a0<\/strong>Universit\u00e9 Paris Saclay<\/td>\n<\/tr>\n<tr class=\"\">\n<td class=\"sa-text-table__cell\"><strong>Master 2 BBRT : Biologie, Biotechnologie et Recherche Th\u00e9rapeutique<\/strong> &#8211; Universit\u00e9 de Nantes<\/p>\n<p><strong>Master 2<\/strong> <strong>Relation h\u00f4te greffon<\/strong> &#8211; Universit\u00e9 de Paris Saclay et Besan\u00e7on (<em>disponible en distantiel)<\/em><\/p>\n<p><strong>Master 2 I3C : <\/strong><strong>Interactions Immunitaires et Ing\u00e9nierie Cellulaire (I3C)<\/strong> &#8211; Universit\u00e9 de Bourgogne ; Franche-Comt\u00e9<\/p>\n<p><strong>Master 2 Pathologie humaine<\/strong> &#8211; plusieurs universit\u00e9s<\/p>\n<p><strong>Master 2 G\u00e9n\u00e9tique<\/strong> &#8211; plusieurs universit\u00e9s<\/p>\n<p><strong>Master 2 Biologie et Sant\u00e9 parcours maladie m\u00e9tabolique et vasculaire<\/strong> &#8211; Universit\u00e9 de MarseilleMaster 2 Biom\u00e9dical et Bioing\u00e9n\u00e9rie &#8211; Paris Cr\u00e9teil, St-Etienne, Nice<\/td>\n<\/tr>\n<tr class=\"\">\n<td class=\"sa-text-table__cell\"><\/td>\n<\/tr>\n<tr class=\"\">\n<td class=\"sa-text-table__cell\"><strong>Master 2 R\u00e9gulation cardiovasculaires M\u00e9tabolisme Nutrition<\/strong> : Universit\u00e9 Lyon 1 ; Grenoble<\/td>\n<\/tr>\n<tr class=\"\">\n<td class=\"sa-text-table__cell\"><strong>Master 2 Biologie Int\u00e9grative et Physiologi<\/strong>e (BIP)\u00a0 &#8211; Universit\u00e9 de Paris<\/p>\n<ul>\n<li>Sp\u00e9cialit\u00e9 : Epith\u00e9liums, Structures et interfaces<\/li>\n<li>Sp\u00e9cialit\u00e9 :\u00a0 \u201cBiologie Vasculaire, Ath\u00e9roscl\u00e9rose, Thrombose et H\u00e9mostase\u201d\u00a0\u00a0\u00a0\u00a0BiVATH<\/li>\n<\/ul>\n<\/td>\n<\/tr>\n<tr class=\"\">\n<td class=\"sa-text-table__cell\"><\/td>\n<\/tr>\n<tr class=\"\">\n<td class=\"sa-text-table__cell\"><\/td>\n<\/tr>\n<tr class=\"\">\n<td class=\"sa-text-table__cell\"><\/td>\n<\/tr>\n<tr class=\"\">\n<td class=\"sa-text-table__cell\"><\/td>\n<\/tr>\n<tr class=\"\">\n<td class=\"sa-text-table__cell\"><\/td>\n<\/tr>\n<tr class=\"\">\n<td class=\"sa-text-table__cell\"><\/td>\n<\/tr>\n<tr class=\"\">\n<td class=\"sa-text-table__cell\"><\/td>\n<\/tr>\n<tr class=\"\">\n<td class=\"sa-text-table__cell\"><\/td>\n<\/tr>\n<tr class=\"\">\n<td class=\"sa-text-table__cell\"><\/td>\n<\/tr>\n<tr class=\"\">\n<td class=\"sa-text-table__cell\"><\/td>\n<\/tr>\n<tr class=\"\">\n<td class=\"sa-text-table__cell\"><\/td>\n<\/tr>\n<tr class=\"\">\n<td class=\"sa-text-table__cell\"><\/td>\n<\/tr>\n<tr class=\"\">\n<td class=\"sa-text-table__cell\"><\/td>\n<\/tr>\n<tr>\n<td><\/td>\n<\/tr>\n<tr>\n<td><\/td>\n<\/tr>\n<tr>\n<td><\/td>\n<\/tr>\n<tr>\n<td><\/td>\n<\/tr>\n<tr>\n<td><\/td>\n<\/tr>\n<\/tbody>\n<\/table>\n<\/div>\n<\/div>\n<\/div>\n<p><a href=\"http:\/\/sninephro.fr\/wp-content\/uploads\/2018\/03\/Liste-M2-juillet-17.pdf\">Liste M2 juillet 17<\/a><\/p>\n","protected":false},"excerpt":{"rendered":"<p>Liste non exhaustive des principaux master 2-recherche possibles en France, ouverts aux \u00e9tudiants en sant\u00e9 (centr\u00e9e sur des th\u00e9matiques pouvant int\u00e9resser l\u2019interne en N\u00e9phrologie) : Liste recueillie \u00e0 l&rsquo;issue d&rsquo;une enqu\u00eate men\u00e9e en 2024.&#46;&#46;&#46;<\/p>\n","protected":false},"author":1,"featured_media":0,"parent":0,"menu_order":0,"comment_status":"closed","ping_status":"closed","template":"","meta":[],"_links":{"self":[{"href":"https:\/\/sninephro.fr\/index.php\/wp-json\/wp\/v2\/pages\/317"}],"collection":[{"href":"https:\/\/sninephro.fr\/index.php\/wp-json\/wp\/v2\/pages"}],"about":[{"href":"https:\/\/sninephro.fr\/index.php\/wp-json\/wp\/v2\/types\/page"}],"author":[{"embeddable":true,"href":"https:\/\/sninephro.fr\/index.php\/wp-json\/wp\/v2\/users\/1"}],"replies":[{"embeddable":true,"href":"https:\/\/sninephro.fr\/index.php\/wp-json\/wp\/v2\/comments?post=317"}],"version-history":[{"count":2,"href":"https:\/\/sninephro.fr\/index.php\/wp-json\/wp\/v2\/pages\/317\/revisions"}],"predecessor-version":[{"id":726,"href":"https:\/\/sninephro.fr\/index.php\/wp-json\/wp\/v2\/pages\/317\/revisions\/726"}],"wp:attachment":[{"href":"https:\/\/sninephro.fr\/index.php\/wp-json\/wp\/v2\/media?parent=317"}],"curies":[{"name":"wp","href":"https:\/\/api.w.org\/{rel}","templated":true}]}}