{"id":34,"date":"2017-07-03T20:10:11","date_gmt":"2017-07-03T18:10:11","guid":{"rendered":"http:\/\/sninephro.fr\/?page_id=34"},"modified":"2017-07-12T13:06:36","modified_gmt":"2017-07-12T11:06:36","slug":"la-nephro","status":"publish","type":"page","link":"https:\/\/sninephro.fr\/index.php\/internat\/la-nephro\/","title":{"rendered":"La N\u00e9phro ?"},"content":{"rendered":"<p>&nbsp;<\/p>\n<p>&nbsp;<\/p>\n<p>La n\u00e9phrologie est une sp\u00e9cialit\u00e9 m\u00e9dicale qui n\u00e9cessite une expertise dans plusieurs domaines : la physiologie r\u00e9nale, les d\u00e9sordres hydro-\u00e9lectrolytiques, le diagnostic et le traitement des maladies r\u00e9nales vasculaires, tubulo-interstitielles et glom\u00e9rulaires et leurs traitements sp\u00e9cifiques (immunosuppresseurs, bioth\u00e9rapies).<\/p>\n<p>&nbsp;<\/p>\n<div id=\"attachment_152\" style=\"width: 254px\" class=\"wp-caption alignright\"><img aria-describedby=\"caption-attachment-152\" decoding=\"async\" loading=\"lazy\" class=\"wp-image-152\" src=\"http:\/\/sninephro.fr\/wp-content\/uploads\/2017\/07\/Rasterelektronenmikroskopische_Abbildung_der_Oberfl\u00e4che_eines_Nierensteins-e1499856989366-300x112.jpg\" alt=\"\" width=\"244\" height=\"91\" \/><p id=\"caption-attachment-152\" class=\"wp-caption-text\">cristaux d&rsquo;oxalate de calcium<\/p><\/div>\n<p>Mais \u00e9galement la prise en charge des insuffisances r\u00e9nales aigu\u00ebs ou chroniques, les techniques de dialyse : h\u00e9modialyse et dialyse p\u00e9riton\u00e9ale, les techniques d\u2019\u00e9change plasmatique et d\u2019immunoabsorption, la transplantation r\u00e9nale, l\u2019hypertension art\u00e9rielle, les maladies r\u00e9nales g\u00e9n\u00e9tiques, la maladie lithiasique, les complications vasculo-r\u00e9nales de la grossesse et l\u2019adaptation th\u00e9rapeutique chez le patient insuffisant r\u00e9nal.<\/p>\n<p>L\u2019insuffisance r\u00e9nale est un probl\u00e8me de sant\u00e9 publique (vieillissement de la population, pr\u00e9valence de l\u2019HTA et du diab\u00e8te, etc.) avec un besoin en n\u00e9phrologue croissant.<\/p>\n<p>Les maladies r\u00e9nales s\u2019int\u00e8grent souvent dans le cadre de pathologies syst\u00e9miques ou g\u00e9n\u00e9tiques et l\u2019insuffisance r\u00e9nale, quelle qu\u2019en soit la cause, a des cons\u00e9quences cardiovasculaires, osseuses, h\u00e9matologiques ce qui en fait une sp\u00e9cialit\u00e9 tr\u00e8s transversale.<\/p>\n<p>De plus, elle est une sp\u00e9cialit\u00e9 m\u00e9dico-technique \u00e0 part enti\u00e8re avec de nombreux gestes quotidiens comme les ponctions r\u00e9nales ou la pose de cath\u00e9ter de dialyse.<\/p>\n<p>La n\u00e9phrologie peut s\u2019exercer en CHU, en CHG, dans le secteur associatif ou dans le secteur priv\u00e9.<\/p>\n<p>Les n\u00e9phrologues ont une activit\u00e9 \u00e9tendue \u00e0 tous les champs de la sp\u00e9cialit\u00e9 : n\u00e9phrologie \u00ab froide \u00bb, prise en charge des patients trait\u00e9s par dialyse, consultations de transplantation. En particulier, le nombre de patients transplant\u00e9s ne cesse d\u2019augmenter (pr\u00e8s de 40 000 patients actuellement) et le suivi de ces patients concerne aujourd\u2019hui la majorit\u00e9 des n\u00e9phrologues.<\/p>\n<p>La formation th\u00e9orique du DES est coordonn\u00e9es par le CUEN (Coll\u00e8ge Universitaire des Enseignants en N\u00e9phrologie), d\u00e9j\u00e0 structur\u00e9e depuis 1997 avec pr\u00e9sence obligatoire aux 5 s\u00e9minaires nationaux et aux s\u00e9minaires inter-r\u00e9gionaux.<\/p>\n<p>Les diff\u00e9rentes soci\u00e9t\u00e9s savantes financent tous les ans des internes et des chefs qui souhaitent faire de la recherche fondamentale. Pour la recherche clinique, la n\u00e9phrologie participe \u00e0 de tr\u00e8s nombreux protocoles \u00e0 la fois \u00e9pid\u00e9miologiques et interventionnels.<\/p>\n","protected":false},"excerpt":{"rendered":"<p>&nbsp; &nbsp; La n\u00e9phrologie est une sp\u00e9cialit\u00e9 m\u00e9dicale qui n\u00e9cessite une expertise dans plusieurs domaines : la physiologie r\u00e9nale, les d\u00e9sordres hydro-\u00e9lectrolytiques, le diagnostic et le traitement des maladies r\u00e9nales vasculaires, tubulo-interstitielles et glom\u00e9rulaires&#46;&#46;&#46;<\/p>\n","protected":false},"author":1,"featured_media":0,"parent":50,"menu_order":0,"comment_status":"closed","ping_status":"closed","template":"","meta":[],"_links":{"self":[{"href":"https:\/\/sninephro.fr\/index.php\/wp-json\/wp\/v2\/pages\/34"}],"collection":[{"href":"https:\/\/sninephro.fr\/index.php\/wp-json\/wp\/v2\/pages"}],"about":[{"href":"https:\/\/sninephro.fr\/index.php\/wp-json\/wp\/v2\/types\/page"}],"author":[{"embeddable":true,"href":"https:\/\/sninephro.fr\/index.php\/wp-json\/wp\/v2\/users\/1"}],"replies":[{"embeddable":true,"href":"https:\/\/sninephro.fr\/index.php\/wp-json\/wp\/v2\/comments?post=34"}],"version-history":[{"count":6,"href":"https:\/\/sninephro.fr\/index.php\/wp-json\/wp\/v2\/pages\/34\/revisions"}],"predecessor-version":[{"id":150,"href":"https:\/\/sninephro.fr\/index.php\/wp-json\/wp\/v2\/pages\/34\/revisions\/150"}],"up":[{"embeddable":true,"href":"https:\/\/sninephro.fr\/index.php\/wp-json\/wp\/v2\/pages\/50"}],"wp:attachment":[{"href":"https:\/\/sninephro.fr\/index.php\/wp-json\/wp\/v2\/media?parent=34"}],"curies":[{"name":"wp","href":"https:\/\/api.w.org\/{rel}","templated":true}]}}