{"id":36,"date":"2017-07-03T20:10:22","date_gmt":"2017-07-03T18:10:22","guid":{"rendered":"http:\/\/sninephro.fr\/?page_id=36"},"modified":"2020-07-21T23:16:20","modified_gmt":"2020-07-21T21:16:20","slug":"la-reforme-du-3eme-cycle","status":"publish","type":"page","link":"https:\/\/sninephro.fr\/index.php\/internat\/la-reforme-du-3eme-cycle\/","title":{"rendered":"La r\u00e9forme du 3\u00e8me cycle"},"content":{"rendered":"<p>La r\u00e9forme du troisi\u00e8me cycle des \u00e9tudes m\u00e9dicales (R3C), commun\u00e9ment appel\u00e9 internat, a \u00e9t\u00e9 d\u00e9but\u00e9e en 2010 suite \u00e0 un rapport de l\u2019IGAS (Inspection G\u00e9n\u00e9rale des Affaires Sociales) sur le post-internat, constatant qu\u2019une r\u00e9forme du post-internat \u00e9tait n\u00e9cessaire suite \u00e0 l\u2019augmentation des effectifs d\u2019\u00e9tudiants et d\u2019internes. Dans cette perspective, la mission consid\u00e9rait que l\u2019acquisition d\u2019une autonomie d\u2019exercice constituait une fonction essentielle du post-internat et proposait de recentrer le dispositif sur un objectif de mise en responsabilit\u00e9 du jeune m\u00e9decin, par le biais d\u2019une ann\u00e9e de \u00ab\u00a0s\u00e9niorisation encadr\u00e9e\u00a0\u00bb pour tous, \u00e0 l\u2019issue de l\u2019internat et avant l\u2019obtention du DES.<\/p>\n<p>La R3C qui s\u2019applique \u00e0 partir du 1<sup>er<\/sup> Novembre 2017 entraine plusieurs modifications dans la maquette de n\u00e9phrologie.<\/p>\n<p><strong><u>Architecture g\u00e9n\u00e9rale\u00a0en trois phases <\/u><\/strong><\/p>\n<ul>\n<li><strong>Socle<\/strong> (phase initiale) : 1 an pour l\u2019acquisition des connaissances de base.<\/li>\n<li><strong>Approfondissement<\/strong> (phase interm\u00e9diaire) : 3 ans<\/li>\n<li><strong>Consolidation<\/strong> (phase de mise en situation) : 1 an correspondant \u00e0 l\u2019ann\u00e9e de mise en responsabilit\u00e9<\/li>\n<\/ul>\n<p><img decoding=\"async\" loading=\"lazy\" class=\"alignnone size-large wp-image-421\" src=\"http:\/\/sninephro.fr\/wp-content\/uploads\/2017\/07\/Maquette-ne\u0301phrologie-1024x597.png\" alt=\"\" width=\"1024\" height=\"597\" srcset=\"https:\/\/sninephro.fr\/wp-content\/uploads\/2017\/07\/Maquette-ne\u0301phrologie-1024x597.png 1024w, https:\/\/sninephro.fr\/wp-content\/uploads\/2017\/07\/Maquette-ne\u0301phrologie-300x175.png 300w, https:\/\/sninephro.fr\/wp-content\/uploads\/2017\/07\/Maquette-ne\u0301phrologie-768x448.png 768w\" sizes=\"(max-width: 1024px) 100vw, 1024px\" \/><\/p>\n<p>La formation peut \u00eatre compl\u00e9t\u00e9e par des options et FST (Formations sp\u00e9cialis\u00e9es transversales) selon les sp\u00e9cialit\u00e9s. Une option est sp\u00e9cifique \u00e0 une sp\u00e9cialit\u00e9 alors qu\u2019une FST est commune \u00e0 plusieurs sp\u00e9cialit\u00e9s avec un enseignement commun.<\/p>\n<p><strong><u>Formation th\u00e9orique <\/u><\/strong><\/p>\n<ul>\n<li>Mise en place du e-learning sur une plateforme nationale \u00ab\u00a0SIDES-NG\u00a0\u00bb.<\/li>\n<li>Cr\u00e9ation d\u2019un port folio pour l\u2019interne qui permet son suivi p\u00e9dagogique<\/li>\n<li>La th\u00e8se doit \u00eatre soutenu \u00e0 la fin de la phase d\u2019approfondissement.<\/li>\n<li>Les comp\u00e9tences \u00e0 acqu\u00e9rir par l\u2019interne sont pr\u00e9cis\u00e9es dans la <a href=\"https:\/\/www.legifrance.gouv.fr\/affichTexte.do;jsessionid=837046B3FF55EEF9A83A3872BDC32E92.tplgfr25s_1?cidTexte=JORFTEXT000041728662&amp;dateTexte=&amp;oldAction=rechJO&amp;categorieLien=id&amp;idJO=JORFCONT000041728468\">maquette de N\u00e9phrologie<\/a>.<\/li>\n<\/ul>\n<p><strong><u>Choix de stage<\/u><\/strong><\/p>\n<ul>\n<li>Les stages ont des agr\u00e9ments pour chaque phase (socle, d\u2019approfondissement et de mise en responsabilit\u00e9). Un m\u00eame lieu de stage peut accueillir des internes de diff\u00e9rente phase.<\/li>\n<li>Le choix des stages se fait au sein de chaque phase<\/li>\n<li>Pour les deux 1\u00e8res phases le choix se fait selon le classement ECN et l&rsquo;anciennet\u00e9 au sein de chaque subdivision.<\/li>\n<li>Pour la phase de mise en situation intervient le \u00ab\u00a0BIG MATCHING\u00a0\u00bb\u00a0: mise en place via une plateforme avec algorithme de notation.<\/li>\n<\/ul>\n<p>Les diff\u00e9rentes soci\u00e9t\u00e9s savantes de n\u00e9phrologie ainsi que le SNIN ont demand\u00e9 l&rsquo;obtention d&rsquo;une 5\u00e8me ann\u00e9e d&rsquo;internat afin de permettre une formation optimale aux futurs n\u00e9phrologues. Vous pouvez retrouver la position du SNIN dans cet <a href=\"https:\/\/www.sciencedirect.com\/science\/article\/pii\/S1769725519305309?via%3Dihub\">article paru dans N\u00e9phrologie et Th\u00e9rapeutique<\/a>.<\/p>\n<p><strong>Textes r\u00e9glementaires\u00a0<\/strong>:<\/p>\n<p><a href=\"https:\/\/www.legifrance.gouv.fr\/affichTexte.do?cidTexte=JORFTEXT000034419758\">Arr\u00eat\u00e9 du 12 avril 2017\u00a0: arrete g\u00e9n\u00e9ral du 3<sup>\u00e8me<\/sup> cycle<\/a><\/p>\n<p><a href=\"https:\/\/www.legifrance.gouv.fr\/eli\/arrete\/2017\/4\/21\/MENS1712264A\/jo\/texte\/fr\">Arr\u00eat\u00e9 du 21 avril 2017\u00a0: arr\u00eat\u00e9 p\u00e9dagogique<\/a><\/p>\n<p><a href=\"https:\/\/www.legifrance.gouv.fr\/affichTexte.do;jsessionid=837046B3FF55EEF9A83A3872BDC32E92.tplgfr25s_1?cidTexte=JORFTEXT000041728662&amp;dateTexte=&amp;oldAction=rechJO&amp;categorieLien=id&amp;idJO=JORFCONT000041728468\">Arr\u00eat\u00e9 du 13 f\u00e9vrier 2020 : r\u00e9troactivit\u00e9 des 5 ans et nouvelle maquette de n\u00e9phrologie<\/a><\/p>\n","protected":false},"excerpt":{"rendered":"<p>La r\u00e9forme du troisi\u00e8me cycle des \u00e9tudes m\u00e9dicales (R3C), commun\u00e9ment appel\u00e9 internat, a \u00e9t\u00e9 d\u00e9but\u00e9e en 2010 suite \u00e0 un rapport de l\u2019IGAS (Inspection G\u00e9n\u00e9rale des Affaires Sociales) sur le post-internat, constatant qu\u2019une r\u00e9forme&#46;&#46;&#46;<\/p>\n","protected":false},"author":1,"featured_media":0,"parent":50,"menu_order":0,"comment_status":"closed","ping_status":"closed","template":"","meta":[],"_links":{"self":[{"href":"https:\/\/sninephro.fr\/index.php\/wp-json\/wp\/v2\/pages\/36"}],"collection":[{"href":"https:\/\/sninephro.fr\/index.php\/wp-json\/wp\/v2\/pages"}],"about":[{"href":"https:\/\/sninephro.fr\/index.php\/wp-json\/wp\/v2\/types\/page"}],"author":[{"embeddable":true,"href":"https:\/\/sninephro.fr\/index.php\/wp-json\/wp\/v2\/users\/1"}],"replies":[{"embeddable":true,"href":"https:\/\/sninephro.fr\/index.php\/wp-json\/wp\/v2\/comments?post=36"}],"version-history":[{"count":10,"href":"https:\/\/sninephro.fr\/index.php\/wp-json\/wp\/v2\/pages\/36\/revisions"}],"predecessor-version":[{"id":424,"href":"https:\/\/sninephro.fr\/index.php\/wp-json\/wp\/v2\/pages\/36\/revisions\/424"}],"up":[{"embeddable":true,"href":"https:\/\/sninephro.fr\/index.php\/wp-json\/wp\/v2\/pages\/50"}],"wp:attachment":[{"href":"https:\/\/sninephro.fr\/index.php\/wp-json\/wp\/v2\/media?parent=36"}],"curies":[{"name":"wp","href":"https:\/\/api.w.org\/{rel}","templated":true}]}}