{"id":38,"date":"2017-07-03T20:11:06","date_gmt":"2017-07-03T18:11:06","guid":{"rendered":"http:\/\/sninephro.fr\/?page_id=38"},"modified":"2023-02-16T08:19:25","modified_gmt":"2023-02-16T07:19:25","slug":"du","status":"publish","type":"page","link":"https:\/\/sninephro.fr\/index.php\/internat\/du\/","title":{"rendered":"DU"},"content":{"rendered":"<p>En France, un dipl\u00f4me universitaire (DU) ou interuniversitaire (DIU) est un dipl\u00f4me d\u00e9livr\u00e9 par une universit\u00e9, un grand \u00e9tablissement ou autre \u00e9tablissement public \u00e0 caract\u00e8re scientifique, culturel et professionnel, ou plusieurs \u00e9tablissements conjointement, contrairement aux dipl\u00f4mes nationaux comme la licence, le master ou le dipl\u00f4me vis\u00e9 qui sont d\u00e9livr\u00e9s au nom du minist\u00e8re.<\/p>\n<p>Ils ne rentrent pas dans le syst\u00e8me LMD et aucune universit\u00e9 ne peut exiger l&rsquo;obtention d&rsquo;un DU \u00ab compl\u00e9mentaire \u00bb pour la validation d&rsquo;un dipl\u00f4me d&rsquo;\u00c9tat LMD (m\u00eame si cette double formation peut \u00eatre ponctuellement recommand\u00e9e). Ces dipl\u00f4mes sont g\u00e9r\u00e9s en autonomie locale, c\u2019est-\u00e0-dire hors de la dotation globale du minist\u00e8re (dotation par \u00e9tudiant) et leurs tarifs sont align\u00e9s sur ceux de la formation continue du secteur priv\u00e9.<\/p>\n<p>Vous retrouverez tous les DU \u00e0 vocation \u00ab\u00a0n\u00e9phrologique\u00a0\u00bb en cliquant sur le lien suivant :<\/p>\n<p><a href=\"https:\/\/www.sfndt.org\/professionnels\/enseignement\">https:\/\/www.sfndt.org\/professionnels\/enseignement<\/a><\/p>\n<div class=\"item-list\">\n<h3>DU &#8211; dipl\u00f4mes universitaires<\/h3>\n<ul>\n<li>\n<div class=\"views-field views-field-title\"><span class=\"field-content\"><a href=\"https:\/\/fc.sorbonne-universite.fr\/nos-offres\/du-approche-physiopathologique-des-desordres-hydroelectrolytiques-de-la-clinique-aux-modeles-experimentaux\/\" hreflang=\"fr\">D\u00e9sordres \u00e9lectrolytiques<\/a><\/span>: Pr\u00e9sentiel \u00e0 Paris<\/div>\n<\/li>\n<li>\n<div class=\"views-field views-field-title\"><span class=\"field-content\"><a href=\"https:\/\/fc.sorbonne-universite.fr\/nos-offres\/prise-en-charge-des-patients-en-reanimation-nephrologique\/\">R\u00e9animation n\u00e9phrologique<\/a> : Pr\u00e9sentiel \u00e0 Paris<\/span><\/div>\n<\/li>\n<li>\n<div class=\"views-field views-field-title\"><span class=\"field-content\"><a href=\"https:\/\/fc.sorbonne-universite.fr\/nos-offres\/lithiase-urinaire-du-diagnostic-au-traitement\/\">Lithiase urinaire<\/a> : Pr\u00e9sentiel \u00e0 Paris.<\/span><\/div>\n<\/li>\n<li>\n<div class=\"views-field views-field-title\"><span class=\"field-content\"><a href=\"https:\/\/www.u-pec.fr\/fr\/formation\/du-de-nephro-oncologie\">N\u00e9phroOncologie<\/a> : Pr\u00e9sentiel \u00e0 Paris Cr\u00e9teil<\/span><\/div>\n<\/li>\n<li>\n<div class=\"views-field views-field-title\"><span class=\"field-content\"><a href=\"https:\/\/duhta.unistra.fr\/\">Hypertension art\u00e9rielle<\/a> : <\/span>Distanciel, cours en ligne.<\/div>\n<\/li>\n<li>\n<div class=\"views-field views-field-title\"><span class=\"field-content\"><a href=\"https:\/\/duter.unistra.fr\/\">Techniques d&rsquo;Epuration Extra-r\u00e9nales<\/a> (DUTER) : Distanciel, cours en ligne.<\/span><\/div>\n<\/li>\n<li>\n<div class=\"views-field views-field-title\"><span class=\"field-content\"><a href=\"https:\/\/www.sfndt.org\/professionnels\/enseignement\/diplome\/formation-leducation-therapeutique\" hreflang=\"fr\">Formation \u00e0 l\u2019\u00c9ducation th\u00e9rapeutique<\/a><\/span><\/div>\n<\/li>\n<li>\n<div class=\"views-field views-field-title\"><span class=\"field-content\"><a href=\"https:\/\/fc.sorbonne-universite.fr\/nos-offres\/du-microangiopathies-thrombotiques-et-autres-maladies-immunologiques-en-hemostase\/\">Microangiopathies thrombotiques et autres maladies immunologiques en H\u00e9mostase<\/a> : Pr\u00e9sentiel \u00e0 Paris<\/span><\/div>\n<\/li>\n<li><a href=\"https:\/\/uniform.unicaen.fr\/catalogue\/formation\/autres\/6602-diplome-d-universite-de-nephrologie-dialyse-et-transplantation-renale-par-la-simulation?e=FC\">N\u00e9phrologie dialyse et transplantation par la simulation<\/a> : Pr\u00e9sentiel \u00e0 Caen<\/li>\n<li>\n<div class=\"views-field views-field-title\"><span class=\"field-content\"><a href=\"https:\/\/www.filiereorkid.com\/enseignement-et-formation\/#1467989904659-44a37cf6-0f13\">Maladies r\u00e9nales rares<\/a> : Distantiel cours en ligne<\/span><\/div>\n<\/li>\n<li>\n<div class=\"views-field views-field-title\"><span class=\"field-content\"><a href=\"https:\/\/fc.sorbonne-universite.fr\/nos-offres\/du-e-sante-et-transformation-digitale\/\">E sant\u00e9 et Transformation Digitale<\/a> : mixte pr\u00e9sentiel (Paris) et webinaires<\/span><\/div>\n<\/li>\n<li>\n<div class=\"views-field views-field-title\"><span class=\"field-content\"><a href=\"https:\/\/odf.u-paris.fr\/fr\/offre-de-formation\/diplome-d-universite-1\/sciences-technologies-sante-STS\/du-revues-systematiques-et-meta-analyses-en-sante-JXMZAKB9.html\">Revues Syst\u00e9matiques et M\u00e9ta-Analyses en Sant\u00e9<\/a> : en distanciel<\/span><\/div>\n<\/li>\n<li>\n<div class=\"views-field views-field-title\"><span class=\"field-content\"><a href=\"https:\/\/odf.u-paris.fr\/fr\/offre-de-formation\/diplome-d-universite-du-diu-1\/s%20ciences-technologies-sante-STS\/du-methodes-avancees-en-revues-systematiques-%20et-meta-analyses-JXMZ7SLL.html\">Advanced Methods in Systematic Reviews and Meta-Analyse<\/a>s (AMSRMA) : mixte pr\u00e9sentiel (Paris) et distanciel<\/span><\/div>\n<\/li>\n<\/ul>\n<\/div>\n<div class=\"item-list\">\n<h3>DIU &#8211; dipl\u00f4mes inter-universitaires<\/h3>\n<ul>\n<li>\n<div class=\"views-field views-field-title\"><span class=\"field-content\"><a href=\"https:\/\/www.diudialyseperitoneale.fr\/\">Dialyse p\u00e9riton\u00e9ale<\/a> : e-learning<\/span><\/div>\n<\/li>\n<li>\n<div class=\"views-field views-field-title\"><a href=\"https:\/\/odf.u-paris.fr\/fr\/offre-de-formation\/diplome-d-universite-1\/sciences-technologies-sante-STS\/diu-nephro-geriatrie-IGXS3H6D.html\"><span class=\"field-content\">N\u00e9phro-G\u00e9riatrie<\/span><\/a><\/div>\n<\/li>\n<li>\n<div class=\"views-field views-field-title\"><span class=\"field-content\"><a href=\"https:\/\/odf.u-paris.fr\/fr\/offre-de-formation\/diplome-d-universite-1\/sciences-technologies-sante-STS\/diu-nephrologie-pediatrique-XUE2_61.html\">N\u00e9phrologie p\u00e9diatrique<\/a> : mixte pr\u00e9sentiel obligatoire \/ hybride<\/span><\/div>\n<\/li>\n<li>\n<div class=\"views-field views-field-title\"><span class=\"field-content\"><a href=\"https:\/\/odf.u-paris.fr\/fr\/offre-de-formation\/diplome-d-universite-1\/sciences-technologies-sante-STS\/diu-hypertension-arterielle-risque-cardio-vasculaire-et-renal-XU72_41.html\">Hypertension art\u00e9rielle et Facteurs de risque cardio-vasculaire<\/a> : Mixte pr\u00e9sentiel &amp; distanciel\u00a0\u00a0<\/span><\/div>\n<\/li>\n<li>\n<div class=\"views-field views-field-title\"><span class=\"field-content\"><a href=\"https:\/\/www.medecine.universite-paris-saclay.fr\/formations\/formation-continue\/les-diplomes-duniversite-du-et-diu\/diu-nephropathologie\">Pathologie r\u00e9nale<\/a> : pr\u00e9sentiel<\/span><\/div>\n<\/li>\n<li>\n<div class=\"views-field views-field-title\"><span class=\"field-content\"><a href=\"https:\/\/fc.sorbonne-universite.fr\/nos-offres\/prise-en-charge-des-patients-en-reanimation-nephrologique\/#:~:text=Un%20examen%20%C3%A9crit%20d'une,20%20avec%20un%20coefficient%202.\">Prise en charge des patients en R\u00e9animation N\u00e9phrologique<\/a> : Distanciel webinaire<\/span><\/div>\n<\/li>\n<li>\n<div class=\"views-field views-field-title\"><span class=\"field-content\"><a href=\"https:\/\/www.sfndt.org\/professionnels\/enseignement\/diplome\/rein-et-maladies-systemiques\">Rein et maladies syst\u00e9miques<\/a> : distanciel<\/span><\/div>\n<\/li>\n<li>Infections et transplantations : Mixte hybride, possible en distanciel 100%<\/li>\n<li><a href=\"https:\/\/master-sante.sorbonne-universite.fr\/diu-cesam\/\">Centre d\u2019Enseignement de la Statistique \u00e0 la Sant\u00e9 Publique, \u00e0 la M\u00e9decine et \u00e0 la Biologie<\/a> (CESAM) : pr\u00e9sentiel ou distanciel<\/li>\n<li>\n<div class=\"views-field views-field-title\"><span class=\"field-content\"><a href=\"https:\/\/www.sfndt.org\/professionnels\/enseignement\/diplome\/construction-et-coordination-des-parcours-de-sante\" hreflang=\"fr\">Construction et Coordination des parcours de sant\u00e9<\/a><\/span><\/div>\n<\/li>\n<li>\n<div class=\"views-field views-field-title\"><span class=\"field-content\"><a href=\"https:\/\/www.sfndt.org\/professionnels\/enseignement\/diplome\/formation-leducation-therapeutique-en-e-learning\" hreflang=\"fr\">Formation \u00e0 l\u2019\u00c9ducation th\u00e9rapeutique en e-learning<\/a><\/span><\/div>\n<\/li>\n<li>\n<div class=\"views-field views-field-title\"><span class=\"field-content\"><a href=\"https:\/\/www.sfndt.org\/professionnels\/enseignement\/diplome\/diabete-et-greffes\" hreflang=\"fr\">Diab\u00e8te et Greffes<\/a><\/span><\/div>\n<\/li>\n<\/ul>\n<\/div>\n<div class=\"item-list\"><\/div>\n<div class=\"item-list\">\n<h3>AUTRES<\/h3>\n<ul>\n<li>\n<div class=\"views-field views-field-title\"><span class=\"field-content\"><a href=\"https:\/\/www.sfndt.org\/professionnels\/enseignement\/diplome\/ebtm-exam\" hreflang=\"fr\">EBTM Exam<\/a><\/span><\/div>\n<\/li>\n<\/ul>\n<\/div>\n","protected":false},"excerpt":{"rendered":"<p>En France, un dipl\u00f4me universitaire (DU) ou interuniversitaire (DIU) est un dipl\u00f4me d\u00e9livr\u00e9 par une universit\u00e9, un grand \u00e9tablissement ou autre \u00e9tablissement public \u00e0 caract\u00e8re scientifique, culturel et professionnel, ou plusieurs \u00e9tablissements conjointement, contrairement&#46;&#46;&#46;<\/p>\n","protected":false},"author":1,"featured_media":0,"parent":50,"menu_order":0,"comment_status":"closed","ping_status":"closed","template":"","meta":[],"_links":{"self":[{"href":"https:\/\/sninephro.fr\/index.php\/wp-json\/wp\/v2\/pages\/38"}],"collection":[{"href":"https:\/\/sninephro.fr\/index.php\/wp-json\/wp\/v2\/pages"}],"about":[{"href":"https:\/\/sninephro.fr\/index.php\/wp-json\/wp\/v2\/types\/page"}],"author":[{"embeddable":true,"href":"https:\/\/sninephro.fr\/index.php\/wp-json\/wp\/v2\/users\/1"}],"replies":[{"embeddable":true,"href":"https:\/\/sninephro.fr\/index.php\/wp-json\/wp\/v2\/comments?post=38"}],"version-history":[{"count":4,"href":"https:\/\/sninephro.fr\/index.php\/wp-json\/wp\/v2\/pages\/38\/revisions"}],"predecessor-version":[{"id":610,"href":"https:\/\/sninephro.fr\/index.php\/wp-json\/wp\/v2\/pages\/38\/revisions\/610"}],"up":[{"embeddable":true,"href":"https:\/\/sninephro.fr\/index.php\/wp-json\/wp\/v2\/pages\/50"}],"wp:attachment":[{"href":"https:\/\/sninephro.fr\/index.php\/wp-json\/wp\/v2\/media?parent=38"}],"curies":[{"name":"wp","href":"https:\/\/api.w.org\/{rel}","templated":true}]}}