{"id":40,"date":"2017-07-03T20:11:16","date_gmt":"2017-07-03T18:11:16","guid":{"rendered":"http:\/\/sninephro.fr\/?page_id=40"},"modified":"2023-02-14T17:54:41","modified_gmt":"2023-02-14T16:54:41","slug":"master-2","status":"publish","type":"page","link":"https:\/\/sninephro.fr\/index.php\/internat\/master-2\/","title":{"rendered":"Master 2 : comment financer son ann\u00e9e?"},"content":{"rendered":"<p><strong><u>Financement d\u2019une ann\u00e9e de Master 2 &#8211; Demande de Bourse.<\/u><\/strong><\/p>\n<p><strong>RESUME\u00a0: <\/strong><\/p>\n<p><strong>5 \u00e9tapes clefs\u00a0:<\/strong><\/p>\n<ol>\n<li><strong>F\u00e9vrier\u00a0: Recherche les diff\u00e9rents organismes compatibles avec le projet de recherche choisi<\/strong><\/li>\n<li><strong>Mars\u00a0: Rassembler tous les documents demand\u00e9s dans le dossier de candidature et notamment \u00e9laboration du projet de recherche.<\/strong><\/li>\n<li><strong>Avril-mai\u00a0: Envoyer le dossier avant la deadline ++++<\/strong><\/li>\n<li><strong>Mai-juin\u00a0:<\/strong>\n<ol>\n<li><strong>Envoi du dossier de candidature au master 2 (vous pouvez postuler \u00e0 plusieurs master 2 de la m\u00eame fa\u00e7o que pour le financement, et choisir finalement le plus adapt\u00e9 selon vos r\u00e9ponses)<\/strong><\/li>\n<li><strong>Demande de disponibilit\u00e9 (4 \u00e0 5 mois avant le d\u00e9but de la disponibilit\u00e9 selon la facult\u00e9)\u00a0<\/strong><\/li>\n<\/ol>\n<\/li>\n<li><strong>Fin juin \u2013 d\u00e9but juillet\u00a0: R\u00e9sultat (passage d\u2019un oral pour certains)<\/strong><\/li>\n<\/ol>\n<p><strong>Pourquoi une bourse ?<\/strong><\/p>\n<p>La r\u00e9alisation d\u2019une ann\u00e9e de Master 2 n\u00e9cessite un travail \u00e0 temps plein en dehors de l\u2019h\u00f4pital : assister aux enseignements de Master 2 de novembre \u00e0 janvier, puis un travail quotidien au laboratoire lors de votre stage. La plupart d\u2019entre nous demandent donc une ann\u00e9e de mise en disponibilit\u00e9, permettant de se consacrer exclusivement au Master 2 (de novembre \u00e0 novembre). Celle-ci doit \u00eatre adress\u00e9e au bureau des internes ou \u00e0 la facult\u00e9, 4 mois avant l\u2019ann\u00e9e de Master 2 (mai de l\u2019ann\u00e9e pr\u00e9c\u00e9dente) : vous ne percevrez ainsi aucun salaire provenant de l\u2019h\u00f4pital durant toute cette p\u00e9riode. Il faut donc trouver un financement pour pouvoir vous sustenter un minimum !<\/p>\n<p>Ceci n\u2019est pas en soit \u00ab\u00a0obligatoire\u00a0\u00bb administrativement. C\u2019est-\u00e0-dire que votre laboratoire ou votre facult\u00e9 ne peuvent vous obliger \u00e0 en faire la demande. Vous pouvez par exemple utiliser des ressources ou un apport ext\u00e9rieur autre, devant \u00eatre suffisant pour compenser l\u2019absence de revenus. Une autre solution, tout \u00e0 fait r\u00e9alisable et souvent prise par d\u00e9faut en cas de refus du dossier par les organismes de demandes de bourse, est la r\u00e9alisation de vacation\/remplacement en unit\u00e9 de dialyse (possible apr\u00e8s avoir valid\u00e9 son 5<sup>\u00e8me<\/sup> semestre), s\u2019av\u00e9rant dans la plupart des cas suffisante, mais n\u00e9cessitant des plages libres durant le stage ou de sacrifier certains de vos weekends.<\/p>\n<p>A noter d\u2019ailleurs, qu\u2019en cas d\u2019absence de bourse, votre laboratoire devra vous fournir une \u00ab\u00a0indemnit\u00e9\u00a0\u00bb mensuelle plafonnant aux alentours de 500 euros, durant les mois o\u00f9 vous serez en stage (r\u00e9mun\u00e9r\u00e9 en tant que stagiaire). N\u00e9anmoins, il convient de bien se renseigner avec votre directeur de stage pour savoir si son laboratoire peut vous faire b\u00e9n\u00e9ficier de cette indemnit\u00e9. Certains laboratoires ont peu de financement et un budget tellement serr\u00e9 que l\u2019indemnit\u00e9 serait un effort financier trop important. Mieux vaut se renseigner avant d\u2019entamer l\u2019inscription \u00e0 votre Master 2, car sans salaire\/indemnit\u00e9, pas de stage (car impossibilit\u00e9 de souscrire une assurance).<\/p>\n<p>Enfin, certains pr\u00e9f\u00e8rent r\u00e9duire la disponibilit\u00e9 aux six premiers mois d\u2019hiver, en pr\u00e9voyant des am\u00e9nagements et une grosse charge de travail pour les mois o\u00f9 se chevauchent Master 2 et stage d\u2019interne (mai-aout), ou m\u00eame r\u00e9aliser tout leur Master 2 en parall\u00e8le de l\u2019H\u00f4pital (pas du tout conseill\u00e9\u2026 Risque de burn out\u00a0!!!\u00a0N\u00e9cessite de pouvoir s\u2019absenter du stage \u00e0 l\u2019h\u00f4pital et en laboratoire, des cours, et que la charge de travail \u00e0 l\u2019h\u00f4pital soit faible).<\/p>\n<p><strong>Quand la demander ?<\/strong><\/p>\n<p>Il est n\u00e9cessaire de s\u2019y prendre t\u00f4t car la dead-line de la plus part des bourses se situe entre mars et mai de l\u2019ann\u00e9e pr\u00e9c\u00e9dente, et le dossier de candidature requi\u00e8re certaines pi\u00e8ces, particuli\u00e8rement difficiles \u00e0 obtenir \u00ab\u00a0rapidement\u00a0\u00bb.<\/p>\n<p>Cependant, celle-ci ne peut se faire qu\u2019apr\u00e8s avoir choisi sa th\u00e9matique de master 2 et son \u00e9quipe de recherche, qui \u00ab\u00a0id\u00e9alement\u00a0\u00bb vous accompagnera dans les recherches de financement et le choix des enseignements de master 2.<\/p>\n<p><strong>Quels organismes\u00a0?<\/strong><\/p>\n<p>Diff\u00e9rents organismes proposent chaque ann\u00e9e des bourses pour les internes en m\u00e9decine voulant r\u00e9aliser un Master 2. Ces organismes peuvent faire des s\u00e9lections locales (Ann\u00e9e-recherche des facult\u00e9s) ou nationale (SFNDT).<\/p>\n<p>Les bourses ne sont pas cumulatives et certaines bourses sont plus lucratives que d\u2019autres. Cependant, vous \u00eates autoris\u00e9s \u00e0 faire autant de demandes que vous le souhaitez, et choisir \u00e0 la fin de la p\u00e9riode de s\u00e9lection celle qui vous convient le mieux.<\/p>\n<p><strong><em><u>Pour tous les internes\u00a0:<\/u><\/em><\/strong><strong><u> ORGANISME<\/u><\/strong> (derni\u00e8re Dead line \u2013 r\u00e9mun\u00e9ration &#8211; commentaires)<\/p>\n<p>&#8211; <u>Facult\u00e9 de M\u00e9decine\u00a0&#8211; Ann\u00e9e Recherche<\/u> (Fin mai \u2013 environ 1600euros par mois pendant 12 mois) : dans ce cas, le candidat continue \u00e0 percevoir un salaire d\u2019interne durant sa disponibilit\u00e9. Elle est attribu\u00e9e localement, en fonction du projet de recherche, des publications d\u00e9j\u00e0 effectu\u00e9es et du parcours (classement \u00e0 l\u2019internat notamment) &#8211; se renseigner aupr\u00e8s de sa Facult\u00e9 pour la demande de candidature et les papiers \u00e0 fournir.<\/p>\n<p>&#8211;<u> Fondation pour la Recherche M\u00e9dicale <\/u>(Fin mars \u2013 environ 1600euros par mois)<\/p>\n<p><a href=\"https:\/\/www.frm.org\/\">https:\/\/www.frm.org\/<\/a><\/p>\n<p><u>&#8211; Groupe pasteur mutualit\u00e9<\/u> (Fin mars \u2013 Variable)<\/p>\n<p>&#8211; <u>Ann\u00e9e m\u00e9daille\u00a0: <\/u>(Janvier \u2013 dernier salaire net d\u2019interne) : financement d\u2019un an propos\u00e9 suite \u00e0 un concours r\u00e9gional \u00e0 un interne en fin d\u2019internat. Les candidats b\u00e9n\u00e9ficient d\u2019un contrat de 6 mois ou 1 an dans un service de leur choix apr\u00e8s accord du chef de service<strong>. La th\u00e8se et le m\u00e9moire de DES doivent \u00eatre valid\u00e9s avant la prise de fonction.<\/strong><\/p>\n<p>&#8211; <u>Bourse locale\u00a0: exemple parisien = FERCM Fonds d\u2019etudes et de recherche du corps m\u00e9dicale <\/u>(Fin avril \u2013 variable)<\/p>\n<p>&#8211; Ou m\u00eame, des financements via le laboratoires de recherche ou le service hospitalier rattach\u00e9s (contrats, des PHRC\u2026) Utile de poser la question \u00e0 votre directeur de recherche\u00a0!<\/p>\n<p><strong><em><u>Sp\u00e9cifiquement pour la n\u00e9phrologie et la transplantation\u00a0:<\/u><\/em><\/strong><\/p>\n<ul>\n<li><u>Bourse master 2 de la soci\u00e9t\u00e9 Francaise de N\u00e9phrologie, dialyse et transplantation<\/u>\u00a0(Fin avril \u2013 variable \u2013 seule bourse ayant une s\u00e9lection \u00e9crite puis orale<strong>)<\/strong><\/li>\n<\/ul>\n<p><a href=\"http:\/\/www.sfndt.org\/sn\/esociete\/bourses\/index.htm\">http:\/\/www.sfndt.org\/sn\/esociete\/bourses\/index.htm<\/a><\/p>\n<ul>\n<li><u>Bourse de master 2 de la soci\u00e9t\u00e9 francophone de transplantation (SFT)<\/u> (Mi mai \u2013variable-s\u00e9lection \u00e9crite uniquement-environ 1000 euros par mois)<\/li>\n<\/ul>\n<p><a href=\"https:\/\/www.transplantation-francophone.org\/modules\/bourses\/\">https:\/\/www.transplantation-francophone.org\/modules\/bourses\/<\/a><\/p>\n<p>Et puis, selon le th\u00e8me de votre projet, d\u2019autres organismes peuvent proposer des bourses compatibles (notamment en canc\u00e9rologie +++)<\/p>\n<p>Attention, certains organismes n\u2019autorisent qu\u2019une demande de bourse (master ou th\u00e8se) par laboratoire par an (FRM\u2026). Bien se renseigner aupr\u00e8s de son directeur de Laboratoire\u00a0: savoir s\u2019il n\u2019a pas d\u00e9j\u00e0 postul\u00e9 pour un autre candidat.<\/p>\n<p><strong><u>Que dois-je fournir pour le Dossier de demande\u00a0?<\/u><\/strong><\/p>\n<p><strong>Les dossiers se constituent donc entre mars et mai. Les principales pi\u00e8ces \u00e0 fournir<\/strong><\/p>\n<ol>\n<li>Il est imp\u00e9ratif d\u2019avoir \u00e9labor\u00e9<strong> son projet de recherche <\/strong>avec l\u2019\u00e9quipe du laboratoire pour toute demande de bourse. Et\u2026. c\u2019est ce qui prend le plus de temps. Il ne s\u2019\u00e9labore dans 99% des cas pas seul mais en collaboration avec votre tuteur. M\u00eame s\u2019il est souvent amen\u00e9 \u00e0 changer au cours du stage, il faut essentiellement prouver au jury que votre projet a un INTERET scientifique \u00e0 minima (on ne vous demande pas d\u2019avoir le prix nobel), qu\u2019il est FAISABLE ( \u00e9quipement disponible, techniques connues par l\u2019\u00e9quipe, \u00e9tapes bien \u00e9tal\u00e9es dans le temps), BIEN ENTOUREE (\u00e9quipe ayant d\u00e9j\u00e0 eu des \u00e9tudiants). Ils ne demandent pas de leur pondre un sujet de th\u00e8se de science\u2026 au contraire. Ils pourraient \u00eatre alors sceptiques sur les possibilit\u00e9s d\u2019achever votre projet en temps voulu. Le projet doit en g\u00e9n\u00e9ral \u00eatre \u00e9crit en 1500 mots.<\/li>\n<li><strong>Lettre de motivation et CV<\/strong><\/li>\n<li><strong>Relev\u00e9 des stages d\u2019internat (pour l\u2019ann\u00e9e recherche notamment \u2013 \u00e0 demander \u00e0 votre Facult\u00e9)<\/strong><\/li>\n<li><strong>Lettre de recommandation et CV de votre tuteur et\/ou du directeur du Laboratoire<\/strong><\/li>\n<li><strong>Organigramme du laboratoire <\/strong><\/li>\n<\/ol>\n","protected":false},"excerpt":{"rendered":"<p>Financement d\u2019une ann\u00e9e de Master 2 &#8211; Demande de Bourse. RESUME\u00a0: 5 \u00e9tapes clefs\u00a0: F\u00e9vrier\u00a0: Recherche les diff\u00e9rents organismes compatibles avec le projet de recherche choisi Mars\u00a0: Rassembler tous les documents demand\u00e9s dans le&#46;&#46;&#46;<\/p>\n","protected":false},"author":1,"featured_media":0,"parent":50,"menu_order":0,"comment_status":"closed","ping_status":"closed","template":"","meta":[],"_links":{"self":[{"href":"https:\/\/sninephro.fr\/index.php\/wp-json\/wp\/v2\/pages\/40"}],"collection":[{"href":"https:\/\/sninephro.fr\/index.php\/wp-json\/wp\/v2\/pages"}],"about":[{"href":"https:\/\/sninephro.fr\/index.php\/wp-json\/wp\/v2\/types\/page"}],"author":[{"embeddable":true,"href":"https:\/\/sninephro.fr\/index.php\/wp-json\/wp\/v2\/users\/1"}],"replies":[{"embeddable":true,"href":"https:\/\/sninephro.fr\/index.php\/wp-json\/wp\/v2\/comments?post=40"}],"version-history":[{"count":10,"href":"https:\/\/sninephro.fr\/index.php\/wp-json\/wp\/v2\/pages\/40\/revisions"}],"predecessor-version":[{"id":594,"href":"https:\/\/sninephro.fr\/index.php\/wp-json\/wp\/v2\/pages\/40\/revisions\/594"}],"up":[{"embeddable":true,"href":"https:\/\/sninephro.fr\/index.php\/wp-json\/wp\/v2\/pages\/50"}],"wp:attachment":[{"href":"https:\/\/sninephro.fr\/index.php\/wp-json\/wp\/v2\/media?parent=40"}],"curies":[{"name":"wp","href":"https:\/\/api.w.org\/{rel}","templated":true}]}}