{"id":42,"date":"2017-07-03T20:11:30","date_gmt":"2017-07-03T18:11:30","guid":{"rendered":"http:\/\/sninephro.fr\/?page_id=42"},"modified":"2022-10-27T10:20:50","modified_gmt":"2022-10-27T08:20:50","slug":"offres-demploi","status":"publish","type":"page","link":"https:\/\/sninephro.fr\/index.php\/offres-demploi\/","title":{"rendered":"Offres d&#8217;emploi"},"content":{"rendered":"\n<p><strong>Mise \u00e0 jour Octobre 2022 : <\/strong>chers coll\u00e8gues vous pouvez nous proposer vos offres d&#8217;emploi qui seront affich\u00e9es ici m\u00eame.<\/p>\n\n\n<p><a href=\"http:\/\/sninephro.fr\/index.php\/2017\/07\/05\/ajouter-une-offre-demploi\/\">Proposer une offre d&#8217;emploi<\/a><\/p>\n<div class=\"job_listings\" data-location=\"\" data-keywords=\"\" data-show_filters=\"true\" data-show_pagination=\"false\" data-per_page=\"50\" data-orderby=\"featured\" data-order=\"DESC\" data-categories=\"\" data-disable-form-state-storage=\"\" data-post_id=\"42\" >\n<form class=\"job_filters\">\n\t\n\t<div class=\"search_jobs\">\n\t\t\n\t\t<div class=\"search_keywords\">\n\t\t\t<label for=\"search_keywords\">Mots-cl\u00e9s<\/label>\n\t\t\t<input type=\"text\" name=\"search_keywords\" id=\"search_keywords\" placeholder=\"Mots-cl\u00e9s\" value=\"\" \/>\n\t\t<\/div>\n\n\t\t<div class=\"search_location\">\n\t\t\t<label for=\"search_location\">Lieu du poste<\/label>\n\t\t\t<input type=\"text\" name=\"search_location\" id=\"search_location\" placeholder=\"Lieu du poste\" value=\"\" \/>\n\t\t<\/div>\n\n\t\t<div style=\"clear: both\"><\/div>\n\n\t\t\n\t\t\t\t\t<div class=\"search_submit\">\n\t\t\t\t<input type=\"submit\" value=\"Rechercher des postes\">\n\t\t\t<\/div>\n\t\t\n\t\t\t<\/div>\n\n\t\t<ul class=\"job_types\">\n\t\t\t\t\t<li><label for=\"job_type_assistant\" class=\"assistant\"><input type=\"checkbox\" name=\"filter_job_type[]\" value=\"assistant\"  checked='checked' id=\"job_type_assistant\" \/> Assistant<\/label><\/li>\n\t\t\t\t\t<li><label for=\"job_type_cca\" class=\"cca\"><input type=\"checkbox\" name=\"filter_job_type[]\" value=\"cca\"  checked='checked' id=\"job_type_cca\" \/> CCA<\/label><\/li>\n\t\t\t\t\t<li><label for=\"job_type_master-2-these-de-science\" class=\"master-2-these-de-science\"><input type=\"checkbox\" name=\"filter_job_type[]\" value=\"master-2-these-de-science\"  checked='checked' id=\"job_type_master-2-these-de-science\" \/> Master 2\/ Th\u00e8se de science<\/label><\/li>\n\t\t\t\t\t<li><label for=\"job_type_praticien-hospitalier\" class=\"praticien-hospitalier\"><input type=\"checkbox\" name=\"filter_job_type[]\" value=\"praticien-hospitalier\"  checked='checked' id=\"job_type_praticien-hospitalier\" \/> Praticien hospitalier<\/label><\/li>\n\t\t\t\t\t<li><label for=\"job_type_remplacement-dialyse\" class=\"remplacement-dialyse\"><input type=\"checkbox\" name=\"filter_job_type[]\" value=\"remplacement-dialyse\"  checked='checked' id=\"job_type_remplacement-dialyse\" \/> Remplacement dialyse<\/label><\/li>\n\t\t\t<\/ul>\n\t<input type=\"hidden\" name=\"filter_job_type[]\" value=\"\" \/>\n<div class=\"showing_jobs\"><\/div><\/form>\n\n\n<noscript>Votre navigateur ne supporte pas JavaScript, ou bien JavaScript est d\u00e9sactiv\u00e9. JavaScript doit \u00eatre activ\u00e9 pour pouvoir visualiser des postes.<\/noscript>\n<ul class=\"job_listings\">\n<\/ul>\n<a class=\"load_more_jobs\" href=\"#\" style=\"display:none;\"><strong>Afficher plus de postes<\/strong><\/a><\/div>","protected":false},"excerpt":{"rendered":"<p>Mise \u00e0 jour Octobre 2022 : chers coll\u00e8gues vous pouvez nous proposer vos offres d&#8217;emploi qui seront affich\u00e9es ici m\u00eame. Proposer une offre d&#8217;emploi<\/p>\n","protected":false},"author":1,"featured_media":0,"parent":0,"menu_order":0,"comment_status":"closed","ping_status":"closed","template":"","meta":[],"_links":{"self":[{"href":"https:\/\/sninephro.fr\/index.php\/wp-json\/wp\/v2\/pages\/42"}],"collection":[{"href":"https:\/\/sninephro.fr\/index.php\/wp-json\/wp\/v2\/pages"}],"about":[{"href":"https:\/\/sninephro.fr\/index.php\/wp-json\/wp\/v2\/types\/page"}],"author":[{"embeddable":true,"href":"https:\/\/sninephro.fr\/index.php\/wp-json\/wp\/v2\/users\/1"}],"replies":[{"embeddable":true,"href":"https:\/\/sninephro.fr\/index.php\/wp-json\/wp\/v2\/comments?post=42"}],"version-history":[{"count":13,"href":"https:\/\/sninephro.fr\/index.php\/wp-json\/wp\/v2\/pages\/42\/revisions"}],"predecessor-version":[{"id":557,"href":"https:\/\/sninephro.fr\/index.php\/wp-json\/wp\/v2\/pages\/42\/revisions\/557"}],"wp:attachment":[{"href":"https:\/\/sninephro.fr\/index.php\/wp-json\/wp\/v2\/media?parent=42"}],"curies":[{"name":"wp","href":"https:\/\/api.w.org\/{rel}","templated":true}]}}