{"id":453,"date":"2021-03-01T22:31:37","date_gmt":"2021-03-01T21:31:37","guid":{"rendered":"http:\/\/sninephro.fr\/?page_id=453"},"modified":"2023-12-09T18:52:36","modified_gmt":"2023-12-09T17:52:36","slug":"partenaires","status":"publish","type":"page","link":"https:\/\/sninephro.fr\/index.php\/partenaires\/","title":{"rendered":"Partenaires"},"content":{"rendered":"\n<p><strong>Club des Jeunes N\u00e9phrologues (CJN)<\/strong><\/p>\n\n\n\n<figure class=\"wp-block-image size-large is-resized\"><img decoding=\"async\" loading=\"lazy\" src=\"http:\/\/sninephro.fr\/wp-content\/uploads\/2021\/03\/image.png\" alt=\"\" class=\"wp-image-458\" width=\"181\" height=\"93\" srcset=\"https:\/\/sninephro.fr\/wp-content\/uploads\/2021\/03\/image.png 450w, https:\/\/sninephro.fr\/wp-content\/uploads\/2021\/03\/image-300x154.png 300w\" sizes=\"(max-width: 181px) 100vw, 181px\" \/><\/figure>\n\n\n\n<figure class=\"wp-block-embed is-type-wp-embed is-provider-club-des-jeunes-nephrologues wp-block-embed-club-des-jeunes-nephrologues\"><div class=\"wp-block-embed__wrapper\">\nhttps:\/\/www.cjnephro.com\/\n<\/div><\/figure>\n\n\n\n<p><strong>Soci\u00e9t\u00e9 Francophone de N\u00e9phrologie Dialyse et Transplantation<\/strong> <strong>(SFNDT)<\/strong><\/p>\n\n\n\n<figure class=\"wp-block-image size-large\"><img decoding=\"async\" loading=\"lazy\" width=\"148\" height=\"148\" src=\"http:\/\/sninephro.fr\/wp-content\/uploads\/2021\/03\/Logo-SFNDT-2.jpg\" alt=\"\" class=\"wp-image-464\" srcset=\"https:\/\/sninephro.fr\/wp-content\/uploads\/2021\/03\/Logo-SFNDT-2.jpg 148w, https:\/\/sninephro.fr\/wp-content\/uploads\/2021\/03\/Logo-SFNDT-2-150x150.jpg 150w, https:\/\/sninephro.fr\/wp-content\/uploads\/2021\/03\/Logo-SFNDT-2-160x160.jpg 160w, https:\/\/sninephro.fr\/wp-content\/uploads\/2021\/03\/Logo-SFNDT-2-320x320.jpg 320w\" sizes=\"(max-width: 148px) 100vw, 148px\" \/><\/figure>\n\n\n\n<p><a href=\"https:\/\/www.sfndt.org\/\">https:\/\/www.sfndt.org\/<\/a><\/p>\n\n\n\n<p><strong>Syndicat National des N\u00e9phrologues Lib\u00e9raux (SNL)<\/strong><\/p>\n\n\n\n<figure class=\"wp-block-image size-large is-resized\"><img decoding=\"async\" loading=\"lazy\" src=\"http:\/\/sninephro.fr\/wp-content\/uploads\/2021\/03\/Capture-de\u0301cran-2021-03-08-a\u0300-20.01.28.png\" alt=\"\" class=\"wp-image-481\" width=\"168\" height=\"105\" srcset=\"https:\/\/sninephro.fr\/wp-content\/uploads\/2021\/03\/Capture-de\u0301cran-2021-03-08-a\u0300-20.01.28.png 354w, https:\/\/sninephro.fr\/wp-content\/uploads\/2021\/03\/Capture-de\u0301cran-2021-03-08-a\u0300-20.01.28-300x188.png 300w\" sizes=\"(max-width: 168px) 100vw, 168px\" \/><\/figure>\n\n\n\n<p><strong>BNP Paribas \/ CMV M\u00e9diforce <\/strong>: banque et assurance<\/p>\n\n\n\n<figure class=\"wp-block-image size-large is-resized\"><img decoding=\"async\" loading=\"lazy\" src=\"https:\/\/sninephro.fr\/wp-content\/uploads\/2023\/12\/Etudiants-SNIN_printer-1-1-1024x734.png\" alt=\"\" class=\"wp-image-660\" width=\"1027\" height=\"736\" srcset=\"https:\/\/sninephro.fr\/wp-content\/uploads\/2023\/12\/Etudiants-SNIN_printer-1-1-1024x734.png 1024w, https:\/\/sninephro.fr\/wp-content\/uploads\/2023\/12\/Etudiants-SNIN_printer-1-1-300x215.png 300w, https:\/\/sninephro.fr\/wp-content\/uploads\/2023\/12\/Etudiants-SNIN_printer-1-1-768x550.png 768w, https:\/\/sninephro.fr\/wp-content\/uploads\/2023\/12\/Etudiants-SNIN_printer-1-1-1536x1101.png 1536w, https:\/\/sninephro.fr\/wp-content\/uploads\/2023\/12\/Etudiants-SNIN_printer-1-1-2048x1468.png 2048w\" sizes=\"(max-width: 1027px) 100vw, 1027px\" \/><\/figure>\n\n\n\n<figure class=\"wp-block-image size-large\"><img decoding=\"async\" loading=\"lazy\" width=\"1024\" height=\"734\" src=\"https:\/\/sninephro.fr\/wp-content\/uploads\/2023\/12\/Etudiants-SNIN_printer-1-2-1024x734.png\" alt=\"\" class=\"wp-image-661\" srcset=\"https:\/\/sninephro.fr\/wp-content\/uploads\/2023\/12\/Etudiants-SNIN_printer-1-2-1024x734.png 1024w, https:\/\/sninephro.fr\/wp-content\/uploads\/2023\/12\/Etudiants-SNIN_printer-1-2-300x215.png 300w, https:\/\/sninephro.fr\/wp-content\/uploads\/2023\/12\/Etudiants-SNIN_printer-1-2-768x550.png 768w, https:\/\/sninephro.fr\/wp-content\/uploads\/2023\/12\/Etudiants-SNIN_printer-1-2-1536x1101.png 1536w, https:\/\/sninephro.fr\/wp-content\/uploads\/2023\/12\/Etudiants-SNIN_printer-1-2-2048x1468.png 2048w\" sizes=\"(max-width: 1024px) 100vw, 1024px\" \/><\/figure>\n\n\n\n<p><a href=\"https:\/\/www.cmvmediforce.fr\/\">https:\/\/www.cmvmediforce.fr\/<\/a><\/p>\n\n\n\n<p><strong>ELSAN<\/strong> : groupe de cliniques priv\u00e9es <br><img decoding=\"async\" loading=\"lazy\" width=\"867\" height=\"540\" class=\"wp-image-577\" style=\"width: 200px;\" src=\"http:\/\/sninephro.fr\/wp-content\/uploads\/2022\/10\/myRSE-Network-Portrait-GROUPE-ELSAN-thegem-blog-default.jpeg\" alt=\"\" srcset=\"https:\/\/sninephro.fr\/wp-content\/uploads\/2022\/10\/myRSE-Network-Portrait-GROUPE-ELSAN-thegem-blog-default.jpeg 867w, https:\/\/sninephro.fr\/wp-content\/uploads\/2022\/10\/myRSE-Network-Portrait-GROUPE-ELSAN-thegem-blog-default-300x187.jpeg 300w, https:\/\/sninephro.fr\/wp-content\/uploads\/2022\/10\/myRSE-Network-Portrait-GROUPE-ELSAN-thegem-blog-default-768x478.jpeg 768w\" sizes=\"(max-width: 867px) 100vw, 867px\" \/><\/p>\n\n\n\n<p><a href=\"https:\/\/www.elsan.care\/fr\">https:\/\/www.elsan.care\/fr<\/a><\/p>\n","protected":false},"excerpt":{"rendered":"<p>Club des Jeunes N\u00e9phrologues (CJN) Soci\u00e9t\u00e9 Francophone de N\u00e9phrologie Dialyse et Transplantation (SFNDT) https:\/\/www.sfndt.org\/ Syndicat National des N\u00e9phrologues Lib\u00e9raux (SNL) BNP Paribas \/ CMV M\u00e9diforce : banque et assurance https:\/\/www.cmvmediforce.fr\/ ELSAN : groupe de&#46;&#46;&#46;<\/p>\n","protected":false},"author":1,"featured_media":0,"parent":0,"menu_order":9,"comment_status":"closed","ping_status":"closed","template":"","meta":[],"_links":{"self":[{"href":"https:\/\/sninephro.fr\/index.php\/wp-json\/wp\/v2\/pages\/453"}],"collection":[{"href":"https:\/\/sninephro.fr\/index.php\/wp-json\/wp\/v2\/pages"}],"about":[{"href":"https:\/\/sninephro.fr\/index.php\/wp-json\/wp\/v2\/types\/page"}],"author":[{"embeddable":true,"href":"https:\/\/sninephro.fr\/index.php\/wp-json\/wp\/v2\/users\/1"}],"replies":[{"embeddable":true,"href":"https:\/\/sninephro.fr\/index.php\/wp-json\/wp\/v2\/comments?post=453"}],"version-history":[{"count":7,"href":"https:\/\/sninephro.fr\/index.php\/wp-json\/wp\/v2\/pages\/453\/revisions"}],"predecessor-version":[{"id":662,"href":"https:\/\/sninephro.fr\/index.php\/wp-json\/wp\/v2\/pages\/453\/revisions\/662"}],"wp:attachment":[{"href":"https:\/\/sninephro.fr\/index.php\/wp-json\/wp\/v2\/media?parent=453"}],"curies":[{"name":"wp","href":"https:\/\/api.w.org\/{rel}","templated":true}]}}