{"id":46,"date":"2017-07-03T20:12:02","date_gmt":"2017-07-03T18:12:02","guid":{"rendered":"http:\/\/sninephro.fr\/?page_id=46"},"modified":"2024-12-31T19:43:30","modified_gmt":"2024-12-31T18:43:30","slug":"le-bureau","status":"publish","type":"page","link":"https:\/\/sninephro.fr\/index.php\/le-bureau\/","title":{"rendered":"Le bureau"},"content":{"rendered":"<h3><strong>Bureau restreint\u00a0<\/strong><strong>:<\/strong><\/h3>\n<p><strong>Adresse g\u00e9n\u00e9rale :\u00a0<\/strong>Sninephrologie@gmail.com<\/p>\n<p><strong>Pr\u00e9sident<\/strong>\u00a0<strong>:<\/strong> Emmanuelle VIAL, <em>Bordeaux<\/em><\/p>\n<p><img decoding=\"async\" loading=\"lazy\" class=\"alignnone  wp-image-624\" src=\"http:\/\/sninephro.fr\/wp-content\/uploads\/2023\/11\/IMG-20231022-WA0007-1024x943.jpg\" alt=\"\" width=\"203\" height=\"187\" srcset=\"https:\/\/sninephro.fr\/wp-content\/uploads\/2023\/11\/IMG-20231022-WA0007-1024x943.jpg 1024w, https:\/\/sninephro.fr\/wp-content\/uploads\/2023\/11\/IMG-20231022-WA0007-300x276.jpg 300w, https:\/\/sninephro.fr\/wp-content\/uploads\/2023\/11\/IMG-20231022-WA0007-768x707.jpg 768w, https:\/\/sninephro.fr\/wp-content\/uploads\/2023\/11\/IMG-20231022-WA0007.jpg 1232w\" sizes=\"(max-width: 203px) 100vw, 203px\" \/><\/p>\n<p><strong>Vice-pr\u00e9sident :<\/strong> Isselmou M&rsquo;BARECK,\u00a0 <em>Rouen<\/em><\/p>\n<p>\u00a0<\/p>\n<p><strong>Tr\u00e9sorier : <\/strong>Mathilde DEFLO, <em>Amiens<\/em><\/p>\n<p>\u00a0<\/p>\n<p><strong>Secr\u00e9taire G\u00e9n\u00e9ral<\/strong> : Clothilde LACHAISE, <em>Angers<\/em><\/p>\n<p>\u00a0<\/p>\n<h3><strong>Conseil d&rsquo;administration\u00a0<\/strong><\/h3>\n<p>Dimitri BEDO,\u00a0<em>Strasbourg<\/em><\/p>\n<p><img decoding=\"async\" loading=\"lazy\" class=\"alignnone  wp-image-753\" src=\"http:\/\/sninephro.fr\/wp-content\/uploads\/2024\/12\/WhatsApp-Image-2024-12-05-a-19.36.39_f4b2306e.jpg\" alt=\"\" width=\"541\" height=\"406\" srcset=\"https:\/\/sninephro.fr\/wp-content\/uploads\/2024\/12\/WhatsApp-Image-2024-12-05-a-19.36.39_f4b2306e.jpg 1024w, https:\/\/sninephro.fr\/wp-content\/uploads\/2024\/12\/WhatsApp-Image-2024-12-05-a-19.36.39_f4b2306e-300x225.jpg 300w, https:\/\/sninephro.fr\/wp-content\/uploads\/2024\/12\/WhatsApp-Image-2024-12-05-a-19.36.39_f4b2306e-768x576.jpg 768w\" sizes=\"(max-width: 541px) 100vw, 541px\" \/><\/p>\n<p>Cl\u00e9mentin BACQUET,\u00a0<em>Clermont-Ferrand<\/em><\/p>\n<p><strong>Membres d&rsquo;honneur\u00a0<\/strong><\/p>\n<p>Valentin MAISONS;\u00a0<em>Tours ;\u00a0<\/em>Ancien pr\u00e9sident<\/p>\n<p><img decoding=\"async\" loading=\"lazy\" class=\"alignnone size-thumbnail wp-image-356\" src=\"http:\/\/sninephro.fr\/wp-content\/uploads\/2017\/07\/Valentin-MAISONS-copie-150x150.png\" alt=\"\" width=\"150\" height=\"150\" srcset=\"https:\/\/sninephro.fr\/wp-content\/uploads\/2017\/07\/Valentin-MAISONS-copie-150x150.png 150w, https:\/\/sninephro.fr\/wp-content\/uploads\/2017\/07\/Valentin-MAISONS-copie-160x160.png 160w, https:\/\/sninephro.fr\/wp-content\/uploads\/2017\/07\/Valentin-MAISONS-copie-320x320.png 320w\" sizes=\"(max-width: 150px) 100vw, 150px\" \/><\/p>\n<p>Charlotte LOHEAC;\u00a0<em>Paris ;\u00a0<\/em>Ancienne pr\u00e9sidente<\/p>\n<p><img decoding=\"async\" loading=\"lazy\" class=\"alignnone  wp-image-573\" src=\"http:\/\/sninephro.fr\/wp-content\/uploads\/2022\/10\/459346_10150601864322595_365534404_o-768x1024.jpeg\" alt=\"\" width=\"146\" height=\"195\" srcset=\"https:\/\/sninephro.fr\/wp-content\/uploads\/2022\/10\/459346_10150601864322595_365534404_o-768x1024.jpeg 768w, https:\/\/sninephro.fr\/wp-content\/uploads\/2022\/10\/459346_10150601864322595_365534404_o-225x300.jpeg 225w, https:\/\/sninephro.fr\/wp-content\/uploads\/2022\/10\/459346_10150601864322595_365534404_o-1152x1536.jpeg 1152w, https:\/\/sninephro.fr\/wp-content\/uploads\/2022\/10\/459346_10150601864322595_365534404_o.jpeg 1536w\" sizes=\"(max-width: 146px) 100vw, 146px\" \/><\/p>\n<p>Arnaud ROCCABIANCA ;\u00a0<em>Montpellier\u00a0<\/em>;\u00a0Ancien pr\u00e9sident<\/p>\n<p><img decoding=\"async\" loading=\"lazy\" class=\"alignnone size-thumbnail wp-image-242\" src=\"http:\/\/sninephro.fr\/wp-content\/uploads\/2017\/07\/Arnaud-Roccabi-e1500638596451-150x150.jpg\" alt=\"\" width=\"150\" height=\"150\" srcset=\"https:\/\/sninephro.fr\/wp-content\/uploads\/2017\/07\/Arnaud-Roccabi-e1500638596451-150x150.jpg 150w, https:\/\/sninephro.fr\/wp-content\/uploads\/2017\/07\/Arnaud-Roccabi-e1500638596451-160x160.jpg 160w, https:\/\/sninephro.fr\/wp-content\/uploads\/2017\/07\/Arnaud-Roccabi-e1500638596451-320x320.jpg 320w\" sizes=\"(max-width: 150px) 100vw, 150px\" \/><\/p>\n<p>Jean-Philippe BERTOCCHIO ; <em>Paris ;\u00a0<\/em>Ancien pr\u00e9sident (fondateur)<\/p>\n<p><img decoding=\"async\" loading=\"lazy\" class=\"alignnone wp-image-215\" src=\"http:\/\/sninephro.fr\/wp-content\/uploads\/2017\/07\/Photo-JPB-300x200.jpg\" alt=\"\" width=\"179\" height=\"119\" srcset=\"https:\/\/sninephro.fr\/wp-content\/uploads\/2017\/07\/Photo-JPB-300x200.jpg 300w, https:\/\/sninephro.fr\/wp-content\/uploads\/2017\/07\/Photo-JPB.jpg 640w\" sizes=\"(max-width: 179px) 100vw, 179px\" \/><\/p>\n<p>Ali BELLAMINE ; <em>Paris ; <\/em>Ancien Webmaster<\/p>\n\n\n<figure class=\"wp-block-image\"><img alt=\"\"\/><\/figure>\n\n\n\n<figure class=\"wp-block-image\"><img alt=\"\"\/><\/figure>\n\n\n\n<figure class=\"wp-block-image\"><img alt=\"\"\/><\/figure>\n\n\n\n<p><\/p>\n","protected":false},"excerpt":{"rendered":"<p>Bureau restreint\u00a0: Adresse g\u00e9n\u00e9rale :\u00a0Sninephrologie@gmail.com Pr\u00e9sident\u00a0: Emmanuelle VIAL, Bordeaux Vice-pr\u00e9sident : Isselmou M&rsquo;BARECK,\u00a0 Rouen \u00a0 Tr\u00e9sorier : Mathilde DEFLO, Amiens \u00a0 Secr\u00e9taire G\u00e9n\u00e9ral : Clothilde LACHAISE, Angers \u00a0 Conseil d&rsquo;administration\u00a0 Dimitri BEDO,\u00a0Strasbourg Cl\u00e9mentin BACQUET,\u00a0Clermont-Ferrand&#46;&#46;&#46;<\/p>\n","protected":false},"author":1,"featured_media":0,"parent":0,"menu_order":0,"comment_status":"closed","ping_status":"closed","template":"","meta":[],"_links":{"self":[{"href":"https:\/\/sninephro.fr\/index.php\/wp-json\/wp\/v2\/pages\/46"}],"collection":[{"href":"https:\/\/sninephro.fr\/index.php\/wp-json\/wp\/v2\/pages"}],"about":[{"href":"https:\/\/sninephro.fr\/index.php\/wp-json\/wp\/v2\/types\/page"}],"author":[{"embeddable":true,"href":"https:\/\/sninephro.fr\/index.php\/wp-json\/wp\/v2\/users\/1"}],"replies":[{"embeddable":true,"href":"https:\/\/sninephro.fr\/index.php\/wp-json\/wp\/v2\/comments?post=46"}],"version-history":[{"count":30,"href":"https:\/\/sninephro.fr\/index.php\/wp-json\/wp\/v2\/pages\/46\/revisions"}],"predecessor-version":[{"id":768,"href":"https:\/\/sninephro.fr\/index.php\/wp-json\/wp\/v2\/pages\/46\/revisions\/768"}],"wp:attachment":[{"href":"https:\/\/sninephro.fr\/index.php\/wp-json\/wp\/v2\/media?parent=46"}],"curies":[{"name":"wp","href":"https:\/\/api.w.org\/{rel}","templated":true}]}}