{"id":470,"date":"2021-03-08T19:26:35","date_gmt":"2021-03-08T18:26:35","guid":{"rendered":"http:\/\/sninephro.fr\/?page_id=470"},"modified":"2021-03-08T20:15:03","modified_gmt":"2021-03-08T19:15:03","slug":"presentation","status":"publish","type":"page","link":"https:\/\/sninephro.fr\/index.php\/presentation\/","title":{"rendered":"Pr\u00e9sentation"},"content":{"rendered":"\n<p>Le <strong>SNIN<\/strong> ou <strong>Syndicat National des Internes de N\u00e9phrologie<\/strong> est une structure ayant pour vocation de d\u00e9fendre les droits des internes en N\u00e9phrologie.<\/p>\n\n\n\n<p>Il a \u00e9t\u00e9 cr\u00e9\u00e9 par l&rsquo;assembl\u00e9e g\u00e9n\u00e9rale du 5 De\u0301cembre 2010 ayant eu lieu a\u0300 Gressy en France. Son officialisation a \u00e9t\u00e9 act\u00e9e le 11 Janvier 2011 \u00e0 la Mairie de Reims via son Pr\u00e9sident fondateur Jean Philippe Bertocchio.<br>Il est r\u00e9gi par les articles L.2131-1 \u00e0 L.2131-6 du Code du travail.<br>Le si\u00e8ge social actuel se situe \u00e0 Tours en Indre et Loire.<\/p>\n\n\n\n<p>Ses actions principales se r\u00e9sument ainsi :<br>&#8211; Repr\u00e9sentation des internes de N\u00e9phrologie et d\u00e9fense de leurs droits fondamentaux. Le bureau s&rsquo;appuie notamment sur le r\u00e9seau des r\u00e9f\u00e9rents de ville Fran\u00e7aises.<br>Le SNIN est adh\u00e9rent \u00e0 l&rsquo;ISNI (<em>Intersyndicale Nationale des Internes<\/em> <a href=\"https:\/\/isni.fr\/\">https:\/\/isni.fr\/<\/a> ).<br>&#8211; Conseils juridiques aupr\u00e8s des internes.<br>&#8211; Orientation aupr\u00e8s des \u00e9tudiants du 2e cycle. R\u00e9actualisation annuelle du livret des villes de N\u00e9phrologie.<br>&#8211; Circulation des informations et communication via les r\u00e9seaux sociaux et mailings lists.<br><a href=\"https:\/\/twitter.com\/sninephrologie\">https:\/\/twitter.com\/sninephrologie<\/a><br><a href=\"https:\/\/www.facebook.com\/sninephrologie\/\">https:\/\/www.facebook.com\/sninephrologie\/<\/a><br>&#8211; Organisation d&rsquo;\u00e9v\u00e8nements et de webinaires.<br>&#8211; Publications scientifiques et travaux sur la p\u00e9dagogie m\u00e9dicale.<br>&#8211; Travail sur des projets avec ses partenaires, notamment la SFNDT (<em>Soci\u00e9t\u00e9 Fran\u00e7aise de N\u00e9phrologie Dialyse et Transplantation<\/em>) et le CJN (<em>Club des Jeunes N\u00e9phrologues<\/em>).<\/p>\n\n\n\n<p><em>Pour toute information compl\u00e9mentaire vous pouvez nous contacter ici : Sninephrologie@gmail.com<\/em><\/p>\n","protected":false},"excerpt":{"rendered":"<p>Le SNIN ou Syndicat National des Internes de N\u00e9phrologie est une structure ayant pour vocation de d\u00e9fendre les droits des internes en N\u00e9phrologie. Il a \u00e9t\u00e9 cr\u00e9\u00e9 par l&rsquo;assembl\u00e9e g\u00e9n\u00e9rale du 5 De\u0301cembre 2010&#46;&#46;&#46;<\/p>\n","protected":false},"author":1,"featured_media":0,"parent":0,"menu_order":0,"comment_status":"closed","ping_status":"closed","template":"","meta":[],"_links":{"self":[{"href":"https:\/\/sninephro.fr\/index.php\/wp-json\/wp\/v2\/pages\/470"}],"collection":[{"href":"https:\/\/sninephro.fr\/index.php\/wp-json\/wp\/v2\/pages"}],"about":[{"href":"https:\/\/sninephro.fr\/index.php\/wp-json\/wp\/v2\/types\/page"}],"author":[{"embeddable":true,"href":"https:\/\/sninephro.fr\/index.php\/wp-json\/wp\/v2\/users\/1"}],"replies":[{"embeddable":true,"href":"https:\/\/sninephro.fr\/index.php\/wp-json\/wp\/v2\/comments?post=470"}],"version-history":[{"count":4,"href":"https:\/\/sninephro.fr\/index.php\/wp-json\/wp\/v2\/pages\/470\/revisions"}],"predecessor-version":[{"id":484,"href":"https:\/\/sninephro.fr\/index.php\/wp-json\/wp\/v2\/pages\/470\/revisions\/484"}],"wp:attachment":[{"href":"https:\/\/sninephro.fr\/index.php\/wp-json\/wp\/v2\/media?parent=470"}],"curies":[{"name":"wp","href":"https:\/\/api.w.org\/{rel}","templated":true}]}}