{"id":486,"date":"2021-03-08T20:56:35","date_gmt":"2021-03-08T19:56:35","guid":{"rendered":"http:\/\/sninephro.fr\/?page_id=486"},"modified":"2022-10-27T11:23:09","modified_gmt":"2022-10-27T09:23:09","slug":"publications","status":"publish","type":"page","link":"https:\/\/sninephro.fr\/index.php\/publications\/","title":{"rendered":"Publications"},"content":{"rendered":"\n<p><strong>Recherche en p\u00e9dagogie <\/strong>:<br><em>Participation du SNIN dans l&rsquo;\u00e9criture et la conception de ces travaux.<\/em><\/p>\n\n\n\n<p>Maisons V, Garnier AS, Loh\u00e9ac C, Bouquegneau A, Goubella A, Hocine A, Bobot M; Comit\u00e9 Scientifique du Club des Jeunes N\u00e9phrologues. Impact of the COVID-19 Pandemic on Training and Well-Being of Nephrology Residents in France and Belgium. Kidney Int Rep. 2022 Mar;7(3):653-655. doi: 10.1016\/j.ekir.2021.12.035. Epub 2021 Dec 31. PMID: 35005304; PMCID: PMC8719362.<br><a href=\"https:\/\/www.ncbi.nlm.nih.gov\/pmc\/articles\/PMC8719362\/\">https:\/\/www.ncbi.nlm.nih.gov\/pmc\/articles\/PMC8719362\/<\/a><\/p>\n\n\n\n<p>Bobot M, Maisons V, Chopinet S, Bureau C, Luque Y. <em>National survey of invasive procedural training for nephrology fellows and residents in France: from bedside mentoring to simulation-based teaching. <\/em>Clin Kidney J. 2020 Aug 20;14(1):445-447. doi: 10.1093\/ckj\/sfaa111. PMID: 33564454; PMCID: PMC7857789.<br><a href=\"https:\/\/www.ncbi.nlm.nih.gov\/pmc\/articles\/PMC7857789\/\">https:\/\/www.ncbi.nlm.nih.gov\/pmc\/articles\/PMC7857789\/<\/a><\/p>\n\n\n\n<p>Loh\u00e9ac C, Maisons V, Bureau C, Bertocchio JP. <em>La n\u00e9phrologie fran\u00e7aise dans la r\u00e9forme du 3e&nbsp;cycle des \u00e9tudes m\u00e9dicales&nbsp;: ce qu\u2019en pensent les n\u00e9phrologues [Amending of the 3rd cycle of medical studies in France: What the nephrologists stand for]. <\/em>Nephrol Ther. 2020 Feb;16(1):50-58. French. doi: 10.1016\/j.nephro.2019.06.002. Epub 2020 Jan 17. PMID: 31959485.<br><a href=\"https:\/\/www.sciencedirect.com\/science\/article\/pii\/S1769725519305309\">https:\/\/www.sciencedirect.com\/science\/article\/pii\/S1769725519305309<\/a><\/p>\n\n\n\n<p>Brasme R, Larceneux F, Delion A, Aubert O, Bertocchio JP. <em>Formation initiale en n\u00e9phrologie en France&nbsp;: qu\u2019en pensent les internes&nbsp;? R\u00e9sultats de la premi\u00e8re enqu\u00eate nationale [French teaching in nephrology: What is the residents&rsquo; feeling? Results from the first national survey]<\/em>. Nephrol Ther. 2017 Nov;13(6):485-494. French. doi: 10.1016\/j.nephro.2016.11.002. Epub 2017 May 29. PMID: 28571694.<br><a href=\"https:\/\/www.sciencedirect.com\/science\/article\/pii\/S176972551730113X?via%3Dihub\">https:\/\/www.sciencedirect.com\/science\/article\/pii\/S176972551730113X?via%3Dihub<\/a><\/p>\n\n\n\n<p><strong>ISNI<\/strong> :<br>Guide \u00ab\u00a0Future interne\u00a0\u00bb : <a href=\"http:\/\/www.futur-interne.com\/guide\/nephrologie\/\">http:\/\/www.futur-interne.com\/guide\/nephrologie\/<\/a><\/p>\n\n\n\n<p><strong>SNIN \/ Publications internes<\/strong> :<br>Guide \u00ab\u00a0Livret des villes\u00a0\u00bb : <a href=\"https:\/\/sninephro.fr\/index.php\/livret-des-villes\/\">https:\/\/sninephro.fr\/index.php\/livret-des-villes\/<\/a><\/p>\n","protected":false},"excerpt":{"rendered":"<p>Recherche en p\u00e9dagogie :Participation du SNIN dans l&rsquo;\u00e9criture et la conception de ces travaux. Maisons V, Garnier AS, Loh\u00e9ac C, Bouquegneau A, Goubella A, Hocine A, Bobot M; Comit\u00e9 Scientifique du Club des Jeunes&#46;&#46;&#46;<\/p>\n","protected":false},"author":1,"featured_media":0,"parent":0,"menu_order":0,"comment_status":"closed","ping_status":"closed","template":"","meta":[],"_links":{"self":[{"href":"https:\/\/sninephro.fr\/index.php\/wp-json\/wp\/v2\/pages\/486"}],"collection":[{"href":"https:\/\/sninephro.fr\/index.php\/wp-json\/wp\/v2\/pages"}],"about":[{"href":"https:\/\/sninephro.fr\/index.php\/wp-json\/wp\/v2\/types\/page"}],"author":[{"embeddable":true,"href":"https:\/\/sninephro.fr\/index.php\/wp-json\/wp\/v2\/users\/1"}],"replies":[{"embeddable":true,"href":"https:\/\/sninephro.fr\/index.php\/wp-json\/wp\/v2\/comments?post=486"}],"version-history":[{"count":3,"href":"https:\/\/sninephro.fr\/index.php\/wp-json\/wp\/v2\/pages\/486\/revisions"}],"predecessor-version":[{"id":575,"href":"https:\/\/sninephro.fr\/index.php\/wp-json\/wp\/v2\/pages\/486\/revisions\/575"}],"wp:attachment":[{"href":"https:\/\/sninephro.fr\/index.php\/wp-json\/wp\/v2\/media?parent=486"}],"curies":[{"name":"wp","href":"https:\/\/api.w.org\/{rel}","templated":true}]}}