{"id":603,"date":"2023-02-15T10:44:33","date_gmt":"2023-02-15T09:44:33","guid":{"rendered":"http:\/\/sninephro.fr\/?page_id=603"},"modified":"2023-02-15T10:51:55","modified_gmt":"2023-02-15T09:51:55","slug":"option-soins-intensifs-de-nephrologie","status":"publish","type":"page","link":"https:\/\/sninephro.fr\/index.php\/internat\/option-soins-intensifs-de-nephrologie\/","title":{"rendered":"Option soins intensifs de n\u00e9phrologie"},"content":{"rendered":"\n<p><\/p>\n\n\n\n<p>S&rsquo;adresse aux 3\u00e8me et 4\u00e8me ann\u00e9es de DES<\/p>\n\n\n\n<p>12 +\/- 3 candidats par an r\u00e9partis sur les diff\u00e9rentes villes (modalit\u00e9s d&rsquo;attribution \u00e0 ce jour non connues)<\/p>\n\n\n\n<p><strong>Inscription <\/strong>: se rapprocher de votre coordinateur. <\/p>\n\n\n\n<p>Option ayant pour but d&rsquo;assurer l&rsquo;approfondissement des connaissances et des comp\u00e9tences dans la prise en charge des patients n\u00e9cessitant une surveillance et des soins urgents en unit\u00e9 de soins intensifs n\u00e9phrologiques ne pr\u00e9sentant pas de crit\u00e8res de r\u00e9animation (notamment de d\u00e9faillance aigu\u00eb d&rsquo;organe extra-r\u00e9nal) et ayant une des pathologies suivantes : <\/p>\n\n\n\n<p>1) Insuffisance r\u00e9nale aigu\u00eb, <\/p>\n\n\n\n<p>2) Troubles m\u00e9taboliques s\u00e9v\u00e8res, <\/p>\n\n\n\n<p>3) Prise en charge des suites post-op\u00e9ratoires de greffe r\u00e9nale, <\/p>\n\n\n\n<p>4) Pathologies aigu\u00ebs n\u00e9cessitant les soins intensifs n\u00e9phrologiques survenant chez un patient transplant\u00e9 de rein ou dialys\u00e9 chronique ou insuffisant r\u00e9nal<\/p>\n\n\n\n<p> 5) Des pathologies n\u00e9cessitant l&rsquo;\u00e9puration extra-r\u00e9nale ou une aph\u00e9r\u00e8se th\u00e9rapeutique en urgence. Cette option a pour objectif de former les futurs responsables d&rsquo;unit\u00e9 de soins intensifs de n\u00e9phrologie.<br><\/p>\n\n\n\n<p><strong>Dur\u00e9e de l&rsquo;option : deux semestres.<br><\/strong><\/p>\n\n\n\n<p><strong> Pr\u00e9requis pour l&rsquo;inscription \u00e0 l&rsquo;option :<br><\/strong>R\u00e9alisation de 2 stages au pr\u00e9alables :<\/p>\n\n\n\n<ul>\n<li>Un stage en <strong>n\u00e9phrologie et ayant une activit\u00e9 de dialyse aigu\u00eb<\/strong><\/li>\n\n\n\n<li>Un stage en <strong>r\u00e9animation <\/strong>agr\u00e9e \u00e0 titre principal ou compl\u00e9mentaire en <strong>m\u00e9decine intensive-r\u00e9animation<\/strong>.<\/li>\n<\/ul>\n\n\n\n<p><br><strong>Enseignements hors stages :<br><\/strong>&#8211; 2 demi-journ\u00e9es par semaine th\u00e9oriques : Visio (e-learning, webinaires), s\u00e9minaires r\u00e9gionaux &amp; nationaux &amp; simulations<\/p>\n\n\n\n<p><\/p>\n\n\n\n<ul>\n<li><strong>Module 1<\/strong> : <ul><li>Identification des situations d&rsquo;urgence n\u00e9cessitant un transfert en r\u00e9animation (choc septique, d\u00e9gradation de l&rsquo;\u00e9tat ventilatoire ou h\u00e9modynamique, d\u00e9gradation neurologique, etc.).<\/li><\/ul>\n<ul>\n<li>Ma\u00eetrise des diff\u00e9rentes techniques de surveillance cardiaque, h\u00e9modynamique et respiratoires (objectif d&rsquo;optimisation des s\u00e9ances d&rsquo;\u00e9puration extra-r\u00e9nale et de la perfusion r\u00e9nale). <\/li>\n\n\n\n<li>Comp\u00e9tences de prise en charge pr\u00e9 et post op\u00e9ratoire (transplant\u00e9s r\u00e9naux).<\/li>\n<\/ul>\n<\/li>\n<\/ul>\n\n\n\n<p><\/p>\n\n\n\n<ul>\n<li><strong>Deuxi\u00e8me partie (modules 2 \u00e0 8) <\/strong> :<ul><li> acquisition des connaissances plus sp\u00e9cifiquement n\u00e9phrologiques. (dialys\u00e9s chroniques et\/ ou greff\u00e9s d&rsquo;organe solide en USIN)<\/li><\/ul>\n<ul>\n<li> urgences m\u00e9taboliques et r\u00e9nales s\u00e9v\u00e8res<\/li>\n\n\n\n<li>techniques et indications de l&rsquo;\u00e9puration extra-r\u00e9nale en aigu &amp; d&rsquo;aph\u00e9r\u00e8ses th\u00e9rapeutiques dans le contexte aigu<\/li>\n\n\n\n<li>prise en charge des complications r\u00e9nales aigu\u00ebs au cours de la grossesse et notamment chez la transplant\u00e9e ou la patiente dialys\u00e9e chronique.<\/li>\n<\/ul>\n<\/li>\n<\/ul>\n\n\n\n<p><br><strong>Stages au cours de l&rsquo;ann\u00e9e validant l&rsquo;option :<br><\/strong>&#8211; 1 stage en <strong>n\u00e9phrologie et disposant d&rsquo;une unit\u00e9 de soins intensifs de n\u00e9phrologie ;<\/strong><br>&#8211; 1 stage dans un <strong>lieu agr\u00e9\u00e9 \u00e0 titre compl\u00e9mentaire en n\u00e9phrologie<\/strong> <strong><span style=\"text-decoration: underline;\">et <\/span><\/strong>\u00e0 titre <strong>principal ou compl\u00e9mentaire en m\u00e9decine intensive et r\u00e9animation.<\/strong><br><\/p>\n\n\n\n<p><span style=\"text-decoration: underline;\">Evaluation <\/span>:<br>1) Examen national annuel : <br>&#8211; Examen th\u00e9orique national ;<br>&#8211; Travail de m\u00e9moire \u00e0 rendre \u00e0 l&rsquo;issue de l&rsquo;option.<\/p>\n\n\n\n<p>2) Portfolio valid\u00e9 par le ma\u00eetre de stage. <\/p>\n\n\n\n<p><\/p>\n\n\n\n<p><a href=\"https:\/\/www.legifrance.gouv.fr\/jorf\/id\/JORFTEXT000045593420\">https:\/\/www.legifrance.gouv.fr\/jorf\/id\/JORFTEXT000045593420<\/a><\/p>\n\n\n\n<p><\/p>\n","protected":false},"excerpt":{"rendered":"<p>S&rsquo;adresse aux 3\u00e8me et 4\u00e8me ann\u00e9es de DES 12 +\/- 3 candidats par an r\u00e9partis sur les diff\u00e9rentes villes (modalit\u00e9s d&rsquo;attribution \u00e0 ce jour non connues) Inscription : se rapprocher de votre coordinateur. Option&#46;&#46;&#46;<\/p>\n","protected":false},"author":1,"featured_media":0,"parent":50,"menu_order":0,"comment_status":"closed","ping_status":"closed","template":"","meta":[],"_links":{"self":[{"href":"https:\/\/sninephro.fr\/index.php\/wp-json\/wp\/v2\/pages\/603"}],"collection":[{"href":"https:\/\/sninephro.fr\/index.php\/wp-json\/wp\/v2\/pages"}],"about":[{"href":"https:\/\/sninephro.fr\/index.php\/wp-json\/wp\/v2\/types\/page"}],"author":[{"embeddable":true,"href":"https:\/\/sninephro.fr\/index.php\/wp-json\/wp\/v2\/users\/1"}],"replies":[{"embeddable":true,"href":"https:\/\/sninephro.fr\/index.php\/wp-json\/wp\/v2\/comments?post=603"}],"version-history":[{"count":2,"href":"https:\/\/sninephro.fr\/index.php\/wp-json\/wp\/v2\/pages\/603\/revisions"}],"predecessor-version":[{"id":609,"href":"https:\/\/sninephro.fr\/index.php\/wp-json\/wp\/v2\/pages\/603\/revisions\/609"}],"up":[{"embeddable":true,"href":"https:\/\/sninephro.fr\/index.php\/wp-json\/wp\/v2\/pages\/50"}],"wp:attachment":[{"href":"https:\/\/sninephro.fr\/index.php\/wp-json\/wp\/v2\/media?parent=603"}],"curies":[{"name":"wp","href":"https:\/\/api.w.org\/{rel}","templated":true}]}}