{"id":747,"date":"2024-09-13T17:37:20","date_gmt":"2024-09-13T15:37:20","guid":{"rendered":"https:\/\/sninephro.fr\/?page_id=747"},"modified":"2025-05-21T18:59:12","modified_gmt":"2025-05-21T16:59:12","slug":"remplacements","status":"publish","type":"page","link":"https:\/\/sninephro.fr\/index.php\/liens-utiles\/remplacements\/","title":{"rendered":"Remplacements"},"content":{"rendered":"\n<p>Vous trouverez sur le site de l&rsquo;ISNI toutes les informations n\u00e9cessaires pour vos remplacements : <a href=\"https:\/\/isni.fr\/tout-sur-le-statut-de-linterne\/le-remplacement\/\">https:\/\/isni.fr\/tout-sur-le-statut-de-linterne\/le-remplacement\/<\/a><\/p>\n\n\n\n<p>Rappel : en n\u00e9phrologie, il est n\u00e9cessaire d&rsquo;avoir r\u00e9alis\u00e9 5 semestres dont 1 en r\u00e9animation et 1 en dialyse.<\/p>\n\n\n\n<p>En pratique, il vous faudra aller sur le site internet de votre CDOM (Conseil D\u00e9partemental de l&rsquo;Ordre des M\u00e9decins), o\u00f9 se trouvent les instructions pour la demande de votre 1\u00e8re licence de remplacement.<\/p>\n\n\n\n<p>N&rsquo;oubliez pas de v\u00e9rifier que votre Responsabilit\u00e9 Civile Professionnelle est bien \u00e0 jour !<\/p>\n","protected":false},"excerpt":{"rendered":"<p>Vous trouverez sur le site de l&rsquo;ISNI toutes les informations n\u00e9cessaires pour vos remplacements : https:\/\/isni.fr\/tout-sur-le-statut-de-linterne\/le-remplacement\/ Rappel : en n\u00e9phrologie, il est n\u00e9cessaire d&rsquo;avoir r\u00e9alis\u00e9 5 semestres dont 1 en r\u00e9animation et 1 en&#46;&#46;&#46;<\/p>\n","protected":false},"author":1,"featured_media":0,"parent":203,"menu_order":0,"comment_status":"closed","ping_status":"closed","template":"","meta":[],"_links":{"self":[{"href":"https:\/\/sninephro.fr\/index.php\/wp-json\/wp\/v2\/pages\/747"}],"collection":[{"href":"https:\/\/sninephro.fr\/index.php\/wp-json\/wp\/v2\/pages"}],"about":[{"href":"https:\/\/sninephro.fr\/index.php\/wp-json\/wp\/v2\/types\/page"}],"author":[{"embeddable":true,"href":"https:\/\/sninephro.fr\/index.php\/wp-json\/wp\/v2\/users\/1"}],"replies":[{"embeddable":true,"href":"https:\/\/sninephro.fr\/index.php\/wp-json\/wp\/v2\/comments?post=747"}],"version-history":[{"count":1,"href":"https:\/\/sninephro.fr\/index.php\/wp-json\/wp\/v2\/pages\/747\/revisions"}],"predecessor-version":[{"id":748,"href":"https:\/\/sninephro.fr\/index.php\/wp-json\/wp\/v2\/pages\/747\/revisions\/748"}],"up":[{"embeddable":true,"href":"https:\/\/sninephro.fr\/index.php\/wp-json\/wp\/v2\/pages\/203"}],"wp:attachment":[{"href":"https:\/\/sninephro.fr\/index.php\/wp-json\/wp\/v2\/media?parent=747"}],"curies":[{"name":"wp","href":"https:\/\/api.w.org\/{rel}","templated":true}]}}