{"id":8,"date":"2017-06-28T18:06:15","date_gmt":"2017-06-28T16:06:15","guid":{"rendered":"http:\/\/sninephro.fr\/?page_id=8"},"modified":"2017-07-03T20:50:01","modified_gmt":"2017-07-03T18:50:01","slug":"enseignements","status":"publish","type":"page","link":"https:\/\/sninephro.fr\/index.php\/enseignements\/","title":{"rendered":"Enseignements"},"content":{"rendered":"<div id=\"ccchildpages-1\" class=\"ccchildpages threecol simple ccclearfix\"><div class=\"ccchildpage  ccfirst ccodd ccpage-count-1 ccpage-id-25 ccpage-cours-de-des ccpage-has-parent ccpage-pid-8 ccpage-parent-enseignements\"><h3>Cours &#038; Congr\u00e8s<\/h3><div class=\"ccpages_excerpt\">Cours : Vous retrouverez les cours de DES Nationaux sur le site du CUEN :http:\/\/cuen.fr\/Des informations vous sont \u00e9galement envoy\u00e9es par mail. Selon les inter-r\u00e9gions des cours peuvent vous \u00eatre propos\u00e9s, nous vous renvoyons \u00e0 vos coordinateurs de DES. Congr\u00e8s : Congr\u00e8s annuel de la SFNDT : https:\/\/www.congres.sfndt.org\/ Nombreux congr\u00e8s et \u00e9v\u00e8nements : https:\/\/www.cjnephro.com\/agenda-des-evenements\/ Groupe...<\/div><p class=\"ccpages_more\"><a href=\"https:\/\/sninephro.fr\/index.php\/enseignements\/cours-de-des\/\"  title=\"Plus ...\">Plus ...<\/a><\/p><\/div><div class=\"ccchildpage  cceven ccpage-count-2 ccpage-id-236 ccpage-bibliotheque-universitaire ccpage-has-parent ccpage-pid-8 ccpage-parent-enseignements\"><h3>Biblioth\u00e8que universitaire<\/h3><div class=\"ccpages_excerpt\">Vous trouverez ici l'ensemble des publications, articles ou reviews, essentielles en n\u00e9phrologie. Les principales revues de n\u00e9phrologies sont : Nature Review Nephrology Kidney International Journal of American Society of Nephrology (JASN) Clinical Journal of American Society of Nephrology (CJASN) American Journal of Kidney Disease (AJKD) Nephrology Dialysis Transplantation (NDT) American Journal of Physiology - Renal...<\/div><p class=\"ccpages_more\"><a href=\"https:\/\/sninephro.fr\/index.php\/enseignements\/bibliotheque-universitaire\/\"  title=\"Plus ...\">Plus ...<\/a><\/p><\/div><div class=\"ccchildpage  cclast ccodd ccpage-count-3 ccpage-id-276 ccpage-les-articles-indispensables ccpage-has-parent ccpage-pid-8 ccpage-parent-enseignements\"><h3>Les webinaires du SNIN<\/h3><div class=\"ccpages_excerpt\">Les directs : Des webinaires th\u00e9matiques sont propos\u00e9s r\u00e9guli\u00e8rement par le SNIN, un calendrier est communiqu\u00e9 en avance sur les r\u00e9seaux sociaux. Les replays : Webinaire n\u00b015 : N\u00e9phropathie et vascularite \u00e0 IgA https:\/\/youtu.be\/HZCiOCXt8w8 Webinaire n\u00b014 : Les abords vasculaires en dialyse https:\/\/youtu.be\/56gGCUUztus Webinaire n\u00b013 : H\u00e9modialyse Webinaire n\u00b012 : MAT casse-t\u00eate Webinaire n\u00b011 :...<\/div><p class=\"ccpages_more\"><a href=\"https:\/\/sninephro.fr\/index.php\/enseignements\/les-articles-indispensables\/\"  title=\"Plus ...\">Plus ...<\/a><\/p><\/div><div class=\"ccchildpage  ccfirst cceven ccpage-count-4 ccpage-id-644 ccpage-boite-a-outils-de-linterne-de-nephrologie ccpage-has-parent ccpage-pid-8 ccpage-parent-enseignements\"><h3>Bo\u00eete \u00e0 outils de l&rsquo;interne de n\u00e9phrologie<\/h3><div class=\"ccpages_excerpt\">FICHES SNIN \/ CUEN 1-Hyponatremie-DG-BM-v4T\u00e9l\u00e9charger 2-Hyperkaliemie-FV-GC-v2T\u00e9l\u00e9charger 3-Hypokaliemie-Revue-GC-FV-v2T\u00e9l\u00e9charger 4-Hypercalcemie-revu-MF-SL-v2T\u00e9l\u00e9charger 5-HYPOCALCEMIE-SL-v2T\u00e9l\u00e9charger 6-Urgence-HT_sr_pr-V2T\u00e9l\u00e9charger 7-Fiches-MAT-v2T\u00e9l\u00e9charger 8-OAP-vf-relu-2025T\u00e9l\u00e9charger 9-DRA-relu-2025T\u00e9l\u00e9charger 10-SEPSIS-TR_HF_AF_DAT\u00e9l\u00e9charger 11-CMV_HF_AF_DAT\u00e9l\u00e9charger 12-PNEUMOCYSTOSE_HF_AF_DAT\u00e9l\u00e9charger 13-Immunosuppresseurs_DA_LCT\u00e9l\u00e9charger Outil flash pour la prise en charge de l'HTA<\/div><p class=\"ccpages_more\"><a href=\"https:\/\/sninephro.fr\/index.php\/enseignements\/boite-a-outils-de-linterne-de-nephrologie\/\"  title=\"Plus ...\">Plus ...<\/a><\/p><\/div><\/div>\n","protected":false},"excerpt":{"rendered":"","protected":false},"author":1,"featured_media":0,"parent":0,"menu_order":0,"comment_status":"closed","ping_status":"closed","template":"","meta":[],"_links":{"self":[{"href":"https:\/\/sninephro.fr\/index.php\/wp-json\/wp\/v2\/pages\/8"}],"collection":[{"href":"https:\/\/sninephro.fr\/index.php\/wp-json\/wp\/v2\/pages"}],"about":[{"href":"https:\/\/sninephro.fr\/index.php\/wp-json\/wp\/v2\/types\/page"}],"author":[{"embeddable":true,"href":"https:\/\/sninephro.fr\/index.php\/wp-json\/wp\/v2\/users\/1"}],"replies":[{"embeddable":true,"href":"https:\/\/sninephro.fr\/index.php\/wp-json\/wp\/v2\/comments?post=8"}],"version-history":[{"count":3,"href":"https:\/\/sninephro.fr\/index.php\/wp-json\/wp\/v2\/pages\/8\/revisions"}],"predecessor-version":[{"id":166,"href":"https:\/\/sninephro.fr\/index.php\/wp-json\/wp\/v2\/pages\/8\/revisions\/166"}],"wp:attachment":[{"href":"https:\/\/sninephro.fr\/index.php\/wp-json\/wp\/v2\/media?parent=8"}],"curies":[{"name":"wp","href":"https:\/\/api.w.org\/{rel}","templated":true}]}}